{"id":5212,"date":"2024-08-19T15:14:01","date_gmt":"2024-08-19T18:14:01","guid":{"rendered":"https:\/\/www.serie20y20.com.ar\/nestor-crespo\/?post_type=product&#038;p=5212"},"modified":"2026-03-30T10:13:22","modified_gmt":"2026-03-30T13:13:22","slug":"teoria-escala-mayor-1-segun-barry-harris-clave-f","status":"publish","type":"product","link":"https:\/\/www.serie20y20.com.ar\/nestor-crespo\/product\/teoria-escala-mayor-1-segun-barry-harris-clave-f\/","title":{"rendered":"TEORIA \/ Escala Mayor 1 seg\u00fan Barry Harris \/ Clave F"},"content":{"rendered":"<h4 style=\"text-align: center;\"><strong>Pr\u00e1ctica y din\u00e1mica metodolog\u00eda de trabajo tanto para el alumno autodidacta,<br \/>\n<\/strong><strong>como as\u00ed tambi\u00e9n para el profesor en clase.<\/strong><\/h4>\n<hr \/>\n<p><strong>CONTENIDOS <\/strong><\/p>\n<p><strong>Con su compra (PDF de 28 p\u00e1ginas &#8211; 122MB) Usted adquiere:<\/strong><\/p>\n<p>* 10 Lecciones <em>(Teor\u00eda de los conceptos a estudiar)<\/em><strong><br \/>\n<\/strong><\/p>\n<p><strong>* 20 Ejercicio<\/strong>s <em>(Metodolog\u00eda, tempos, barra de repetici\u00f3n, Audios de cada ejercicio)<\/em><\/p>\n<p><strong>*\u00a0 30 Frases Mel\u00f3dicas<\/strong> <em>(Aplicaci\u00f3n paulatino de los conceptos sobre un II V I\u00a0 con su correspondiente an\u00e1lisis escrito y audio)<\/em><\/p>\n<p><strong>*\u00a0 52 Audios<\/strong><em>\u00a0 (Esenciales para el completo estudio de cada uno de los ejercicios)<\/em><\/p>\n<p><strong>* 2 Pistas de Pr\u00e1ctica<\/strong><em> (Pistas de mas de 3 minutos para afianzar los conocimientos)<br \/>\n<\/em><\/p>\n<hr \/>\n<p><strong>OBJETIVOS Y PROP\u00d3SITO\u00a0<\/strong><\/p>\n<p><strong>Cromatismos&#8230;?<\/strong> Como emplear <strong>los cromatismos o las notas ajenas a la escala<\/strong><\/p>\n<p>Este es el <strong>eje central del presente libro<\/strong> el cual se basa en c\u00f3mo utilizar las <strong>notas ajenas a la escala<\/strong> <strong>de manera organizada y con una metodolog\u00eda pr\u00e1ctica y din\u00e1mica.<\/strong><\/p>\n<p>Barry Harris nos plantea <strong>4 conceptos<\/strong> con el objetivo de <b>embellecer nuestras frases mel\u00f3dicas <\/b>como as\u00ed tambi\u00e9n<b>\u00a0nuestras melod\u00edas en una\u00a0canci\u00f3n<\/b>, siendo \u00e9stos:<\/p>\n<p><strong>\u00a0 \u00a0 \u00a0 \u00a01. Aproximaci\u00f3n Crom\u00e1tica.<br \/>\n<\/strong><br \/>\n<strong>\u00a0 \u00a0 \u00a0 \u00a02. Cromatismos.<br \/>\n<\/strong><br \/>\n<strong>\u00a0 \u00a0 \u00a0 \u00a03. Nota Pivot.<br \/>\n<\/strong><br \/>\n<strong>\u00a0 \u00a0 \u00a0 \u00a04. Nota Objetivo.<\/strong><\/p>\n<p>Todos los <strong>ejercicios y frases mel\u00f3dicas<\/strong> se desarrollan sobre la escala de <strong>Bb (Si bemol) Mayor<\/strong> tanto de manera <strong>ascendente como descendente.<\/strong><\/p>\n<p>Si bien una gran parte de <strong>los ejercicios se presentan en una octava<\/strong> pueden desarrollarlos tambi\u00e9n en dos o tres octavas dependiendo de cual fuera vuestro instrumento.<\/p>\n<hr \/>\n<p><strong>ACERCA DE LAS FRASES O LINEAS MELODICAS.<\/strong><\/p>\n<p>Todas y cada una de las frases que he escrito tienen como objetivo <strong>incorporar de manera progresiva<\/strong>, cada uno de los conceptos estudiados.<\/p>\n<p>Es por esta raz\u00f3n que cada una de ellas<strong> se incluye el an\u00e1lisis escrito<\/strong> de cada uno de los elementos vistos <strong>con el prop\u00f3sito de tener una metodolog\u00eda al momento<\/strong> que <strong>Ustedes escriban<\/strong> <strong>sus propias frases o l\u00edneas mel\u00f3dicas.<br \/>\n<\/strong><\/p>\n<hr \/>\n<p><strong>52 AUDIOS<\/strong><\/p>\n<p>Se incluyen <strong>52 audios esenciales para el completo estudio del presente libro.<br \/>\n<\/strong><\/p>\n<hr \/>\n<p>Para m\u00e1s informaci\u00f3n consulte al autor escribiendo a: <a href=\"mailto:nestor.crespo@usa.net\"><span style=\"color: #3366ff;\">nestor.crespo@usa.net<\/span><\/a><\/p>\n<hr \/>\n<h2><strong>Libros Relacionados<\/strong><\/h2>\n<p><a href=\"https:\/\/www.serie20y20.com.ar\/nestor-crespo\/product\/teoria-escala-mayor-2-segun-barry-harris-en-clave-de-f\/\"><img loading=\"lazy\" class=\"alignnone size-medium wp-image-5213\" src=\"https:\/\/www.serie20y20.com.ar\/nestor-crespo\/wp-content\/uploads\/2024\/08\/01.-Escala-Mayor-2-F-Barry-Harris-212x300.jpg\" alt=\"\" width=\"212\" height=\"300\" srcset=\"https:\/\/www.serie20y20.com.ar\/nestor-crespo\/wp-content\/uploads\/2024\/08\/01.-Escala-Mayor-2-F-Barry-Harris-212x300.jpg 212w, https:\/\/www.serie20y20.com.ar\/nestor-crespo\/wp-content\/uploads\/2024\/08\/01.-Escala-Mayor-2-F-Barry-Harris-724x1024.jpg 724w, https:\/\/www.serie20y20.com.ar\/nestor-crespo\/wp-content\/uploads\/2024\/08\/01.-Escala-Mayor-2-F-Barry-Harris-768x1086.jpg 768w, https:\/\/www.serie20y20.com.ar\/nestor-crespo\/wp-content\/uploads\/2024\/08\/01.-Escala-Mayor-2-F-Barry-Harris-1086x1536.jpg 1086w, https:\/\/www.serie20y20.com.ar\/nestor-crespo\/wp-content\/uploads\/2024\/08\/01.-Escala-Mayor-2-F-Barry-Harris-1448x2048.jpg 1448w, https:\/\/www.serie20y20.com.ar\/nestor-crespo\/wp-content\/uploads\/2024\/08\/01.-Escala-Mayor-2-F-Barry-Harris-8x12.jpg 8w, https:\/\/www.serie20y20.com.ar\/nestor-crespo\/wp-content\/uploads\/2024\/08\/01.-Escala-Mayor-2-F-Barry-Harris-555x785.jpg 555w, https:\/\/www.serie20y20.com.ar\/nestor-crespo\/wp-content\/uploads\/2024\/08\/01.-Escala-Mayor-2-F-Barry-Harris-scaled.jpg 1810w\" sizes=\"(max-width: 212px) 100vw, 212px\" \/>\u00a0\u00a0<\/a> <a href=\"https:\/\/www.serie20y20.com.ar\/nestor-crespo\/product\/teoria-escala-dominante-1-segun-barry-harris-en-clave-de-f\/\"><img loading=\"lazy\" class=\"alignnone size-medium wp-image-5214\" src=\"https:\/\/www.serie20y20.com.ar\/nestor-crespo\/wp-content\/uploads\/2024\/08\/02.-Escala-Dominante-1-F-Barry-Harris--212x300.jpg\" alt=\"\" width=\"212\" height=\"300\" srcset=\"https:\/\/www.serie20y20.com.ar\/nestor-crespo\/wp-content\/uploads\/2024\/08\/02.-Escala-Dominante-1-F-Barry-Harris--212x300.jpg 212w, https:\/\/www.serie20y20.com.ar\/nestor-crespo\/wp-content\/uploads\/2024\/08\/02.-Escala-Dominante-1-F-Barry-Harris--724x1024.jpg 724w, https:\/\/www.serie20y20.com.ar\/nestor-crespo\/wp-content\/uploads\/2024\/08\/02.-Escala-Dominante-1-F-Barry-Harris--768x1086.jpg 768w, https:\/\/www.serie20y20.com.ar\/nestor-crespo\/wp-content\/uploads\/2024\/08\/02.-Escala-Dominante-1-F-Barry-Harris--1086x1536.jpg 1086w, https:\/\/www.serie20y20.com.ar\/nestor-crespo\/wp-content\/uploads\/2024\/08\/02.-Escala-Dominante-1-F-Barry-Harris--1448x2048.jpg 1448w, https:\/\/www.serie20y20.com.ar\/nestor-crespo\/wp-content\/uploads\/2024\/08\/02.-Escala-Dominante-1-F-Barry-Harris--8x12.jpg 8w, https:\/\/www.serie20y20.com.ar\/nestor-crespo\/wp-content\/uploads\/2024\/08\/02.-Escala-Dominante-1-F-Barry-Harris--555x785.jpg 555w, https:\/\/www.serie20y20.com.ar\/nestor-crespo\/wp-content\/uploads\/2024\/08\/02.-Escala-Dominante-1-F-Barry-Harris--scaled.jpg 1810w\" sizes=\"(max-width: 212px) 100vw, 212px\" \/>\u00a0\u00a0<\/a> <a href=\"https:\/\/www.serie20y20.com.ar\/nestor-crespo\/product\/teoria-escala-dominante-2-segun-barry-harris-en-clave-de-f\/\"><img loading=\"lazy\" class=\"alignnone size-medium wp-image-5215\" src=\"https:\/\/www.serie20y20.com.ar\/nestor-crespo\/wp-content\/uploads\/2024\/08\/03.-Escala-Dominante-2-F-Barry-Harris--212x300.jpg\" alt=\"\" width=\"212\" height=\"300\" srcset=\"https:\/\/www.serie20y20.com.ar\/nestor-crespo\/wp-content\/uploads\/2024\/08\/03.-Escala-Dominante-2-F-Barry-Harris--212x300.jpg 212w, https:\/\/www.serie20y20.com.ar\/nestor-crespo\/wp-content\/uploads\/2024\/08\/03.-Escala-Dominante-2-F-Barry-Harris--724x1024.jpg 724w, https:\/\/www.serie20y20.com.ar\/nestor-crespo\/wp-content\/uploads\/2024\/08\/03.-Escala-Dominante-2-F-Barry-Harris--768x1086.jpg 768w, https:\/\/www.serie20y20.com.ar\/nestor-crespo\/wp-content\/uploads\/2024\/08\/03.-Escala-Dominante-2-F-Barry-Harris--1086x1536.jpg 1086w, https:\/\/www.serie20y20.com.ar\/nestor-crespo\/wp-content\/uploads\/2024\/08\/03.-Escala-Dominante-2-F-Barry-Harris--1448x2048.jpg 1448w, https:\/\/www.serie20y20.com.ar\/nestor-crespo\/wp-content\/uploads\/2024\/08\/03.-Escala-Dominante-2-F-Barry-Harris--8x12.jpg 8w, https:\/\/www.serie20y20.com.ar\/nestor-crespo\/wp-content\/uploads\/2024\/08\/03.-Escala-Dominante-2-F-Barry-Harris--555x785.jpg 555w, https:\/\/www.serie20y20.com.ar\/nestor-crespo\/wp-content\/uploads\/2024\/08\/03.-Escala-Dominante-2-F-Barry-Harris--scaled.jpg 1810w\" sizes=\"(max-width: 212px) 100vw, 212px\" \/><\/a><\/p>\n","protected":false},"excerpt":{"rendered":"<p><iframe loading=\"lazy\" title=\"YouTube video player\" src=\"https:\/\/www.youtube.com\/embed\/kGnWWAwJGJg\" width=\"560\" height=\"315\" frameborder=\"0\" allowfullscreen=\"allowfullscreen\"><\/iframe><\/p>\n","protected":false},"featured_media":5216,"comment_status":"open","ping_status":"closed","template":"","meta":[],"product_cat":[15],"product_tag":[],"_links":{"self":[{"href":"https:\/\/www.serie20y20.com.ar\/nestor-crespo\/wp-json\/wp\/v2\/product\/5212"}],"collection":[{"href":"https:\/\/www.serie20y20.com.ar\/nestor-crespo\/wp-json\/wp\/v2\/product"}],"about":[{"href":"https:\/\/www.serie20y20.com.ar\/nestor-crespo\/wp-json\/wp\/v2\/types\/product"}],"replies":[{"embeddable":true,"href":"https:\/\/www.serie20y20.com.ar\/nestor-crespo\/wp-json\/wp\/v2\/comments?post=5212"}],"wp:featuredmedia":[{"embeddable":true,"href":"https:\/\/www.serie20y20.com.ar\/nestor-crespo\/wp-json\/wp\/v2\/media\/5216"}],"wp:attachment":[{"href":"https:\/\/www.serie20y20.com.ar\/nestor-crespo\/wp-json\/wp\/v2\/media?parent=5212"}],"wp:term":[{"taxonomy":"product_cat","embeddable":true,"href":"https:\/\/www.serie20y20.com.ar\/nestor-crespo\/wp-json\/wp\/v2\/product_cat?post=5212"},{"taxonomy":"product_tag","embeddable":true,"href":"https:\/\/www.serie20y20.com.ar\/nestor-crespo\/wp-json\/wp\/v2\/product_tag?post=5212"}],"curies":[{"name":"wp","href":"https:\/\/api.w.org\/{rel}","templated":true}]}}