{"id":245,"date":"2019-01-30T00:06:48","date_gmt":"2019-01-30T03:06:48","guid":{"rendered":"http:\/\/serie20y20.com.ar\/tienda\/?post_type=product&#038;p=245"},"modified":"2026-03-30T10:26:42","modified_gmt":"2026-03-30T13:26:42","slug":"teoria-armonia-funcional-1-soluciones","status":"publish","type":"product","link":"https:\/\/www.serie20y20.com.ar\/nestor-crespo\/product\/teoria-armonia-funcional-1-soluciones\/","title":{"rendered":"TEOR\u00cdA \/ Armon\u00eda Funcional 1 &#8211; SOLUCIONES (Ejercicios y Trabajos Pr\u00e1cticos)"},"content":{"rendered":"<h3 style=\"text-align: center;\"><span style=\"color: #3366ff;\">Si lo deseas puedes hacer el\u00a0<strong>CURSO VIRTUAL ASINCRONICO <\/strong>del libro<\/span><br \/>\n<span style=\"color: #3366ff;\">con m\u00e1s de<strong>\u00a050 videos y actividades.<\/strong><\/span><br \/>\n<span style=\"color: #3366ff;\">Prof. N\u00e9stor Crespo<\/span><br \/>\n<span style=\"color: #3366ff;\">Toda la informaci\u00f3n haciendo\u00a0<span style=\"color: #ff0000;\"><a style=\"color: #ff0000;\" href=\"https:\/\/www.serie20y20.com.ar\/home\/curso-virtual-armonia-funcional-1-en-la-musica-popular\/\"><strong>CLIC AQUI<\/strong><\/a><\/span><\/span><\/h3>\n<hr \/>\n<p style=\"text-align: center;\"><strong>Pr\u00e1ctica y din\u00e1mica metodolog\u00eda de trabajo tanto para el alumno autodidacta,<br \/>\n<\/strong><strong>como as\u00ed tambi\u00e9n para el profesor en clase.<\/strong><\/p>\n<hr \/>\n<p>Editado por\u00a0<strong>EDAMus:<\/strong>\u00a0Editorial del Departamento de Artes Musicales y Sonoras de la UNA<br \/>\n<strong>Universidad Nacional de las Artes<\/strong><br \/>\nAv. C\u00f3rdoba 2445- (C1120AAG) Buenos Aires \u2013 Argentina<\/p>\n<hr \/>\n<p><strong>CONTENIDOS<\/strong><\/p>\n<p>Con su compra\u00a0<strong>(PDF de 50 p\u00e1ginas \u2013 16,9 MB)<\/strong>\u00a0Usted adquiere las\u00a0<strong>Soluciones del Ebook de Armon\u00eda Funcional 1<\/strong>\u00a0las cuales son de\u00a0<strong>suma importancia para comprobar lo estudiado.<\/strong><\/p>\n<p>*<strong>\u00a0 Soluciones de los 20 Ejercicios<br \/>\n<\/strong><br \/>\n<strong>*\u00a0 Soluciones de los\u00a016 Trabajos Pr\u00e1cticos<\/strong><\/p>\n<hr \/>\n<p>Para m\u00e1s informaci\u00f3n consulte al autor escribiendo a:<span style=\"color: #3366ff;\">\u00a0<a style=\"color: #3366ff;\" href=\"mailto:nestor.crespo@usa.net\">nestor.crespo@usa.net<\/a><\/span><\/p>\n<hr \/>\n<h2><strong>Libros Relacionados<\/strong><\/h2>\n<p><a href=\"https:\/\/www.serie20y20.com.ar\/nestor-crespo\/product\/teoria-armonia-funcional-1\/?v=d72a48a8ebd2\"><img loading=\"lazy\" class=\"alignnone wp-image-5714 size-medium\" src=\"https:\/\/www.serie20y20.com.ar\/nestor-crespo\/wp-content\/uploads\/2019\/01\/Armonia-Funcional-1-Pago-211x300.jpg\" alt=\"\" width=\"211\" height=\"300\" srcset=\"https:\/\/www.serie20y20.com.ar\/nestor-crespo\/wp-content\/uploads\/2019\/01\/Armonia-Funcional-1-Pago-211x300.jpg 211w, https:\/\/www.serie20y20.com.ar\/nestor-crespo\/wp-content\/uploads\/2019\/01\/Armonia-Funcional-1-Pago-722x1024.jpg 722w, https:\/\/www.serie20y20.com.ar\/nestor-crespo\/wp-content\/uploads\/2019\/01\/Armonia-Funcional-1-Pago-768x1089.jpg 768w, https:\/\/www.serie20y20.com.ar\/nestor-crespo\/wp-content\/uploads\/2019\/01\/Armonia-Funcional-1-Pago-1083x1536.jpg 1083w, https:\/\/www.serie20y20.com.ar\/nestor-crespo\/wp-content\/uploads\/2019\/01\/Armonia-Funcional-1-Pago-1444x2048.jpg 1444w, https:\/\/www.serie20y20.com.ar\/nestor-crespo\/wp-content\/uploads\/2019\/01\/Armonia-Funcional-1-Pago-8x12.jpg 8w, https:\/\/www.serie20y20.com.ar\/nestor-crespo\/wp-content\/uploads\/2019\/01\/Armonia-Funcional-1-Pago-555x787.jpg 555w, https:\/\/www.serie20y20.com.ar\/nestor-crespo\/wp-content\/uploads\/2019\/01\/Armonia-Funcional-1-Pago-scaled.jpg 1805w\" sizes=\"(max-width: 211px) 100vw, 211px\" \/><\/a> <a href=\"https:\/\/www.serie20y20.com.ar\/nestor-crespo\/product\/teoria-armonia-funcional-2\/?v=d72a48a8ebd2\"><img loading=\"lazy\" class=\"alignnone wp-image-5715 size-medium\" src=\"https:\/\/www.serie20y20.com.ar\/nestor-crespo\/wp-content\/uploads\/2019\/01\/Armonia-Funcional-2-Pago-211x300.jpg\" alt=\"\" width=\"211\" height=\"300\" srcset=\"https:\/\/www.serie20y20.com.ar\/nestor-crespo\/wp-content\/uploads\/2019\/01\/Armonia-Funcional-2-Pago-211x300.jpg 211w, https:\/\/www.serie20y20.com.ar\/nestor-crespo\/wp-content\/uploads\/2019\/01\/Armonia-Funcional-2-Pago-722x1024.jpg 722w, https:\/\/www.serie20y20.com.ar\/nestor-crespo\/wp-content\/uploads\/2019\/01\/Armonia-Funcional-2-Pago-768x1089.jpg 768w, https:\/\/www.serie20y20.com.ar\/nestor-crespo\/wp-content\/uploads\/2019\/01\/Armonia-Funcional-2-Pago-1083x1536.jpg 1083w, https:\/\/www.serie20y20.com.ar\/nestor-crespo\/wp-content\/uploads\/2019\/01\/Armonia-Funcional-2-Pago-1444x2048.jpg 1444w, https:\/\/www.serie20y20.com.ar\/nestor-crespo\/wp-content\/uploads\/2019\/01\/Armonia-Funcional-2-Pago-8x12.jpg 8w, https:\/\/www.serie20y20.com.ar\/nestor-crespo\/wp-content\/uploads\/2019\/01\/Armonia-Funcional-2-Pago-555x787.jpg 555w, https:\/\/www.serie20y20.com.ar\/nestor-crespo\/wp-content\/uploads\/2019\/01\/Armonia-Funcional-2-Pago-scaled.jpg 1805w\" sizes=\"(max-width: 211px) 100vw, 211px\" \/><\/a> <a href=\"https:\/\/www.serie20y20.com.ar\/nestor-crespo\/product\/teoria-armonia-funcional-2-soluciones-copia\/?v=d72a48a8ebd2\"><img loading=\"lazy\" class=\"alignnone wp-image-5721 size-medium\" src=\"https:\/\/www.serie20y20.com.ar\/nestor-crespo\/wp-content\/uploads\/2019\/01\/Armonia-Funcional-2-Soluciones-Pago-211x300.jpg\" alt=\"\" width=\"211\" height=\"300\" srcset=\"https:\/\/www.serie20y20.com.ar\/nestor-crespo\/wp-content\/uploads\/2019\/01\/Armonia-Funcional-2-Soluciones-Pago-211x300.jpg 211w, https:\/\/www.serie20y20.com.ar\/nestor-crespo\/wp-content\/uploads\/2019\/01\/Armonia-Funcional-2-Soluciones-Pago-722x1024.jpg 722w, https:\/\/www.serie20y20.com.ar\/nestor-crespo\/wp-content\/uploads\/2019\/01\/Armonia-Funcional-2-Soluciones-Pago-768x1089.jpg 768w, https:\/\/www.serie20y20.com.ar\/nestor-crespo\/wp-content\/uploads\/2019\/01\/Armonia-Funcional-2-Soluciones-Pago-1083x1536.jpg 1083w, https:\/\/www.serie20y20.com.ar\/nestor-crespo\/wp-content\/uploads\/2019\/01\/Armonia-Funcional-2-Soluciones-Pago-1444x2048.jpg 1444w, https:\/\/www.serie20y20.com.ar\/nestor-crespo\/wp-content\/uploads\/2019\/01\/Armonia-Funcional-2-Soluciones-Pago-8x12.jpg 8w, https:\/\/www.serie20y20.com.ar\/nestor-crespo\/wp-content\/uploads\/2019\/01\/Armonia-Funcional-2-Soluciones-Pago-555x787.jpg 555w, https:\/\/www.serie20y20.com.ar\/nestor-crespo\/wp-content\/uploads\/2019\/01\/Armonia-Funcional-2-Soluciones-Pago-scaled.jpg 1805w\" sizes=\"(max-width: 211px) 100vw, 211px\" \/><\/a><\/p>\n","protected":false},"excerpt":{"rendered":"<p><iframe loading=\"lazy\" title=\"YouTube video player\" src=\"https:\/\/www.youtube.com\/embed\/kGnWWAwJGJg\" width=\"560\" height=\"315\" frameborder=\"0\" allowfullscreen=\"allowfullscreen\"><\/iframe><\/p>\n","protected":false},"featured_media":5720,"comment_status":"open","ping_status":"closed","template":"","meta":[],"product_cat":[15],"product_tag":[],"_links":{"self":[{"href":"https:\/\/www.serie20y20.com.ar\/nestor-crespo\/wp-json\/wp\/v2\/product\/245"}],"collection":[{"href":"https:\/\/www.serie20y20.com.ar\/nestor-crespo\/wp-json\/wp\/v2\/product"}],"about":[{"href":"https:\/\/www.serie20y20.com.ar\/nestor-crespo\/wp-json\/wp\/v2\/types\/product"}],"replies":[{"embeddable":true,"href":"https:\/\/www.serie20y20.com.ar\/nestor-crespo\/wp-json\/wp\/v2\/comments?post=245"}],"wp:featuredmedia":[{"embeddable":true,"href":"https:\/\/www.serie20y20.com.ar\/nestor-crespo\/wp-json\/wp\/v2\/media\/5720"}],"wp:attachment":[{"href":"https:\/\/www.serie20y20.com.ar\/nestor-crespo\/wp-json\/wp\/v2\/media?parent=245"}],"wp:term":[{"taxonomy":"product_cat","embeddable":true,"href":"https:\/\/www.serie20y20.com.ar\/nestor-crespo\/wp-json\/wp\/v2\/product_cat?post=245"},{"taxonomy":"product_tag","embeddable":true,"href":"https:\/\/www.serie20y20.com.ar\/nestor-crespo\/wp-json\/wp\/v2\/product_tag?post=245"}],"curies":[{"name":"wp","href":"https:\/\/api.w.org\/{rel}","templated":true}]}}