{"id":221,"date":"2019-01-29T20:20:02","date_gmt":"2019-01-29T23:20:02","guid":{"rendered":"http:\/\/serie20y20.com.ar\/tienda\/?post_type=product&#038;p=221"},"modified":"2026-03-30T10:35:06","modified_gmt":"2026-03-30T13:35:06","slug":"guitarra-escala-menor-melodica","status":"publish","type":"product","link":"https:\/\/www.serie20y20.com.ar\/nestor-crespo\/product\/guitarra-escala-menor-melodica\/","title":{"rendered":"GUITARRA \/ Escala Menor Mel\u00f3dica (Plan de T\u00e9cnica e Improvisaci\u00f3n)"},"content":{"rendered":"<h3 style=\"text-align: center;\"><span style=\"color: #3366ff;\">Si lo deseas puedes hacer el <strong>CURSO VIRTUAL <\/strong>del libro<\/span><br \/>\n<span style=\"color: #3366ff;\">con m\u00e1s de<strong> 50 videos y actividades.<\/strong><\/span><br \/>\n<span style=\"color: #3366ff;\">Prof. Federico Palmero<\/span><br \/>\n<span style=\"color: #3366ff;\">Toda la informaci\u00f3n haciendo <\/span><strong><span style=\"color: #ff0000;\"><a style=\"color: #ff0000;\" href=\"https:\/\/www.serie20y20.com.ar\/home\/curso-virtual-escala-menor-melodica-1-plan-tecnico-para-guitarra\/\">CLIC AQUI<\/a><\/span><br \/>\n<\/strong><\/h3>\n<hr \/>\n<p style=\"text-align: center;\"><strong>Pr\u00e1ctica y din\u00e1mica metodolog\u00eda de trabajo tanto para el alumno autodidacta, <\/strong><strong>como as\u00ed tambi\u00e9n para el profesor en clase.<\/strong><\/p>\n<hr \/>\n<p>Contenido <strong>ampliado y desarrollado del Ejercicio Nro. 7 del Libro: Escalas y Arpegios\u00a0<\/strong> <em>( N\u00e9stor Crespo \u2013\u00a0 Serie 20&amp;20 )<\/em><\/p>\n<p>Con su compra <strong>(PDF de 36 p\u00e1ginas 72,8 MB)<\/strong> Usted adquiere adem\u00e1s:<\/p>\n<hr \/>\n<p><strong>PISTAS DE PR\u00c1CTICA<\/strong><\/p>\n<p><strong>* 10 Pistas de Pr\u00e1ctica<\/strong>\u00a0correspondientes a la ejercitaci\u00f3n de manera modal como as\u00ed tambi\u00e9n, distintas progresiones las cuales ser\u00e1n de suma utilidad para practicar y afirmar este concepto. Divididas en:<\/p>\n<p><strong>* 6 Pistas de Pr\u00e1ctica Modales.<\/strong> ( Cmmaj7 y Gmmaj7 )<\/p>\n<p><strong>* 2 Pistas de Pr\u00e1ctica Modales<\/strong>\u00a0<em>(Con progresiones de acordes)<\/em><\/p>\n<p><strong>* 2 Pistas de Pr\u00e1ctica con C\u00edrculo de 5tas.\u00a0<\/strong><em>(en diferentes estilos musicales)<\/em><\/p>\n<hr \/>\n<p><strong>OBJETIVOS Y PROP\u00d3SITOS<\/strong><\/p>\n<p>El presente apunte tiene como prop\u00f3sito el\u00a0<strong>estudio intensivo de la Escala Menor Mel\u00f3dica<\/strong>\u00a0la cual, es de\u00a0<strong>significativa importancia en nuestro camino con la m\u00fasica.<\/strong><\/p>\n<p>Normalmente se\u00a0<strong>focaliza el estudio\u00a0<\/strong>de \u00e9sta o cualquier escala,\u00a0<strong>memorizando<\/strong>\u00a0solamente las distintas <strong>digitaciones o f\u00f3rmulas por grado conjunto<\/strong>\u00a0siendo esto insuficiente al momento de improvisar o apreciar el color o textura que produce la misma.<\/p>\n<p>Es por esto que vamos a abocarnos a desarrollar el estudio de las <strong>5 f\u00f3rmulas<\/strong> <strong>mediante ejercicios<\/strong> de una manera pr\u00e1ctica y din\u00e1mica, en los cuales se <strong>incluye tambi\u00e9n las digitaciones<\/strong> correspondientes en cada caso.<\/p>\n<p>Con el <strong>estudio de los 24 ejercicios<\/strong> lograremos adem\u00e1s del <strong>simple hecho de tocar la escala por grado conjunto, producir m\u00fasica mediante el uso de las diferentes herramientas que se presentan.<\/strong><\/p>\n<hr \/>\n<p><b>METODOLOG\u00cdA<\/b><\/p>\n<p>El siguiente <strong>plan de t\u00e9cnica<\/strong> nos proporciona una metodolog\u00eda de trabajo ideal tanto para el alumno autodidacta como as\u00ed tambi\u00e9n para el profesor, logrando de esta manera una mayor fluidez y dinamismo en las clases.<\/p>\n<p>Incluye <strong>24 ejercicios<\/strong> <strong>con digitaci\u00f3n completa, barras de repetici\u00f3n y pistas de pr\u00e1ctica.<\/strong><\/p>\n<p>* <strong>Por Grado Conjunto:\u00a0\u00a0<\/strong><em>a &#8211; b<\/em><\/p>\n<p><strong>\u00a0 \u00a0* Por Patrones:<\/strong><em>\u00a0 1 y 2<\/em><\/p>\n<p><strong>\u00a0 \u00a0* Por Terceras:\u00a0\u00a0<\/strong><em>Pares &#8211;\u00a0a &#8211; b &#8211; c &#8211; d\u00a0<\/em><\/p>\n<p><strong>\u00a0 \u00a0* Por Cuartas:\u00a0\u00a0<\/strong><em>Pares &#8211;\u00a0a &#8211; b &#8211; c &#8211; d\u00a0<\/em><\/p>\n<p><strong>\u00a0 \u00a0* Por Sextas:\u00a0\u00a0<\/strong><em>Pares &#8211;\u00a0a &#8211; b &#8211; c &#8211; d\u00a0<\/em><\/p>\n<p><strong>\u00a0 \u00a0* Por Tr\u00edadas:<\/strong>\u00a0\u00a0<em>Pares &#8211;\u00a0a &#8211; b &#8211; c &#8211; d\u00a0<\/em><\/p>\n<hr \/>\n<p>Para m\u00e1s informaci\u00f3n consulte al autor escribiendo a:\u00a0<span style=\"color: #3366ff;\"><a style=\"color: #3366ff;\" href=\"mailto:nestor.crespo@usa.net\">nestor.crespo@usa.net<\/a><\/span><\/p>\n<hr \/>\n<h2><strong>Libros Relacionados<\/strong><\/h2>\n<p><a href=\"https:\/\/www.serie20y20.com.ar\/nestor-crespo\/product\/guitarra-escalas-arpegios\/?v=d72a48a8ebd2\"><img loading=\"lazy\" class=\"wp-image-5748 size-medium alignleft\" src=\"https:\/\/www.serie20y20.com.ar\/nestor-crespo\/wp-content\/uploads\/2019\/01\/Escalas-y-Arpegios-GRATIS-212x300.jpg\" alt=\"\" width=\"212\" height=\"300\" srcset=\"https:\/\/www.serie20y20.com.ar\/nestor-crespo\/wp-content\/uploads\/2019\/01\/Escalas-y-Arpegios-GRATIS-212x300.jpg 212w, https:\/\/www.serie20y20.com.ar\/nestor-crespo\/wp-content\/uploads\/2019\/01\/Escalas-y-Arpegios-GRATIS-722x1024.jpg 722w, https:\/\/www.serie20y20.com.ar\/nestor-crespo\/wp-content\/uploads\/2019\/01\/Escalas-y-Arpegios-GRATIS-768x1089.jpg 768w, https:\/\/www.serie20y20.com.ar\/nestor-crespo\/wp-content\/uploads\/2019\/01\/Escalas-y-Arpegios-GRATIS-1083x1536.jpg 1083w, https:\/\/www.serie20y20.com.ar\/nestor-crespo\/wp-content\/uploads\/2019\/01\/Escalas-y-Arpegios-GRATIS-1444x2048.jpg 1444w, https:\/\/www.serie20y20.com.ar\/nestor-crespo\/wp-content\/uploads\/2019\/01\/Escalas-y-Arpegios-GRATIS-8x12.jpg 8w, https:\/\/www.serie20y20.com.ar\/nestor-crespo\/wp-content\/uploads\/2019\/01\/Escalas-y-Arpegios-GRATIS-555x787.jpg 555w, https:\/\/www.serie20y20.com.ar\/nestor-crespo\/wp-content\/uploads\/2019\/01\/Escalas-y-Arpegios-GRATIS-scaled.jpg 1805w\" sizes=\"(max-width: 212px) 100vw, 212px\" \/><\/a><\/p>\n<p><a href=\"https:\/\/www.serie20y20.com.ar\/nestor-crespo\/product\/guitarra-escala-mayor\/?v=d72a48a8ebd2\"><img loading=\"lazy\" class=\"wp-image-5750 size-medium alignnone\" src=\"https:\/\/www.serie20y20.com.ar\/nestor-crespo\/wp-content\/uploads\/2020\/01\/Escala-Mayor-GRATIS-212x300.jpg\" alt=\"\" width=\"212\" height=\"300\" srcset=\"https:\/\/www.serie20y20.com.ar\/nestor-crespo\/wp-content\/uploads\/2020\/01\/Escala-Mayor-GRATIS-212x300.jpg 212w, https:\/\/www.serie20y20.com.ar\/nestor-crespo\/wp-content\/uploads\/2020\/01\/Escala-Mayor-GRATIS-724x1024.jpg 724w, https:\/\/www.serie20y20.com.ar\/nestor-crespo\/wp-content\/uploads\/2020\/01\/Escala-Mayor-GRATIS-768x1086.jpg 768w, https:\/\/www.serie20y20.com.ar\/nestor-crespo\/wp-content\/uploads\/2020\/01\/Escala-Mayor-GRATIS-1086x1536.jpg 1086w, https:\/\/www.serie20y20.com.ar\/nestor-crespo\/wp-content\/uploads\/2020\/01\/Escala-Mayor-GRATIS-1448x2048.jpg 1448w, https:\/\/www.serie20y20.com.ar\/nestor-crespo\/wp-content\/uploads\/2020\/01\/Escala-Mayor-GRATIS-8x12.jpg 8w, https:\/\/www.serie20y20.com.ar\/nestor-crespo\/wp-content\/uploads\/2020\/01\/Escala-Mayor-GRATIS-555x785.jpg 555w, https:\/\/www.serie20y20.com.ar\/nestor-crespo\/wp-content\/uploads\/2020\/01\/Escala-Mayor-GRATIS-scaled.jpg 1810w\" sizes=\"(max-width: 212px) 100vw, 212px\" \/><\/a> <a href=\"https:\/\/www.serie20y20.com.ar\/nestor-crespo\/product\/guitarra-escala-mixolidia\/?v=d72a48a8ebd2\"><img loading=\"lazy\" class=\"wp-image-5764 size-medium alignleft\" src=\"https:\/\/www.serie20y20.com.ar\/nestor-crespo\/wp-content\/uploads\/2019\/01\/Escala-Mixolidia-PAGO-212x300.jpg\" alt=\"\" width=\"212\" height=\"300\" srcset=\"https:\/\/www.serie20y20.com.ar\/nestor-crespo\/wp-content\/uploads\/2019\/01\/Escala-Mixolidia-PAGO-212x300.jpg 212w, https:\/\/www.serie20y20.com.ar\/nestor-crespo\/wp-content\/uploads\/2019\/01\/Escala-Mixolidia-PAGO-724x1024.jpg 724w, https:\/\/www.serie20y20.com.ar\/nestor-crespo\/wp-content\/uploads\/2019\/01\/Escala-Mixolidia-PAGO-768x1086.jpg 768w, https:\/\/www.serie20y20.com.ar\/nestor-crespo\/wp-content\/uploads\/2019\/01\/Escala-Mixolidia-PAGO-1086x1536.jpg 1086w, https:\/\/www.serie20y20.com.ar\/nestor-crespo\/wp-content\/uploads\/2019\/01\/Escala-Mixolidia-PAGO-1448x2048.jpg 1448w, https:\/\/www.serie20y20.com.ar\/nestor-crespo\/wp-content\/uploads\/2019\/01\/Escala-Mixolidia-PAGO-8x12.jpg 8w, https:\/\/www.serie20y20.com.ar\/nestor-crespo\/wp-content\/uploads\/2019\/01\/Escala-Mixolidia-PAGO-555x785.jpg 555w, https:\/\/www.serie20y20.com.ar\/nestor-crespo\/wp-content\/uploads\/2019\/01\/Escala-Mixolidia-PAGO-scaled.jpg 1810w\" sizes=\"(max-width: 212px) 100vw, 212px\" \/><\/a><\/p>\n","protected":false},"excerpt":{"rendered":"<p><iframe loading=\"lazy\" title=\"YouTube video player\" src=\"https:\/\/www.youtube.com\/embed\/kGnWWAwJGJg\" width=\"560\" height=\"315\" frameborder=\"0\" allowfullscreen=\"allowfullscreen\"><\/iframe><\/p>\n","protected":false},"featured_media":5763,"comment_status":"open","ping_status":"closed","template":"","meta":[],"product_cat":[15],"product_tag":[],"_links":{"self":[{"href":"https:\/\/www.serie20y20.com.ar\/nestor-crespo\/wp-json\/wp\/v2\/product\/221"}],"collection":[{"href":"https:\/\/www.serie20y20.com.ar\/nestor-crespo\/wp-json\/wp\/v2\/product"}],"about":[{"href":"https:\/\/www.serie20y20.com.ar\/nestor-crespo\/wp-json\/wp\/v2\/types\/product"}],"replies":[{"embeddable":true,"href":"https:\/\/www.serie20y20.com.ar\/nestor-crespo\/wp-json\/wp\/v2\/comments?post=221"}],"wp:featuredmedia":[{"embeddable":true,"href":"https:\/\/www.serie20y20.com.ar\/nestor-crespo\/wp-json\/wp\/v2\/media\/5763"}],"wp:attachment":[{"href":"https:\/\/www.serie20y20.com.ar\/nestor-crespo\/wp-json\/wp\/v2\/media?parent=221"}],"wp:term":[{"taxonomy":"product_cat","embeddable":true,"href":"https:\/\/www.serie20y20.com.ar\/nestor-crespo\/wp-json\/wp\/v2\/product_cat?post=221"},{"taxonomy":"product_tag","embeddable":true,"href":"https:\/\/www.serie20y20.com.ar\/nestor-crespo\/wp-json\/wp\/v2\/product_tag?post=221"}],"curies":[{"name":"wp","href":"https:\/\/api.w.org\/{rel}","templated":true}]}}