{"id":213,"date":"2019-01-29T20:13:08","date_gmt":"2019-01-29T23:13:08","guid":{"rendered":"http:\/\/serie20y20.com.ar\/tienda\/?post_type=product&#038;p=213"},"modified":"2026-03-30T10:26:02","modified_gmt":"2026-03-30T13:26:02","slug":"bajo-escala-mayor","status":"publish","type":"product","link":"https:\/\/www.serie20y20.com.ar\/nestor-crespo\/product\/bajo-escala-mayor\/","title":{"rendered":"BAJO \/ Escala Mayor (Plan de T\u00e9cnica e Improvisaci\u00f3n)"},"content":{"rendered":"<p style=\"text-align: center;\"><strong>Pr\u00e1ctica y din\u00e1mica metodolog\u00eda de trabajo tanto para el alumno autodidacta,<br \/>\n<\/strong><strong>como as\u00ed tambi\u00e9n para el profesor en clase.<\/strong><\/p>\n<hr \/>\n<p>Contenido\u00a0<strong>ampliado y desarrollado del Ejercicio Nro. 1 del Libro: Escalas y Arpegios<\/strong><em>\u00a0( N\u00e9stor Crespo \u2013\u00a0 Serie 20&amp;20 )<\/em><\/p>\n<p>Con su compra\u00a0<strong>(PDF de 36 p\u00e1ginas 72,8 MB)<\/strong>\u00a0Usted adquiere adem\u00e1s:<\/p>\n<hr \/>\n<p><strong>PISTAS DE PR\u00c1CTICA<\/strong><\/p>\n<p>Incluye adem\u00e1s\u00a0<strong>10 Pistas de Pr\u00e1ctica<\/strong>\u00a0correspondientes a la\u00a0<strong>ejercitaci\u00f3n de manera moda<\/strong>l como as\u00ed tambi\u00e9n, distintas\u00a0<strong>progresiones<\/strong>\u00a0las cuales ser\u00e1n de\u00a0<strong>suma utilidad para practicar y afirmar este concepto<\/strong><\/p>\n<p><strong>* 6 Pistas de Pr\u00e1ctica Modales.\u00a0<\/strong><em>( Cmaj7 y Gmaj7 )<\/em><\/p>\n<p><strong>* 2 Pistas de Pr\u00e1ctica Modales<\/strong>\u00a0<em>(Con progresiones de acordes)<\/em><\/p>\n<p><strong>* 2 Pistas de Pr\u00e1ctica con C\u00edrculo de 5tas.\u00a0<\/strong><em>(en diferentes estilos musicales)<\/em><\/p>\n<hr \/>\n<p><strong>OBJETIVOS Y\u00a0<\/strong><b>PROP\u00d3SITO<\/b><\/p>\n<p>El presente apunte tiene como prop\u00f3sito el\u00a0<strong>estudio intensivo de la<\/strong>\u00a0<strong>Escala Mayor<\/strong>\u00a0tambi\u00e9n llamada J\u00f3nica la cual, es de\u00a0 significativa importancia en nuestro camino con la m\u00fasica.<\/p>\n<p>Normalmente uno focaliza el estudio, de \u00e9sta o cualquier escala, en\u00a0<strong>memorizar solamente las distintas digitaciones o f\u00f3rmulas por grado conjunto siendo esto insuficiente al momento de improvisar<\/strong>\u00a0o apreciar el color o textura que produce la misma.<\/p>\n<p>Es por esto que vamos a abocarnos a desarrollar el estudio de las <strong>7\u00a0f\u00f3rmulas<\/strong>\u00a0<strong>mediante ejercicios<\/strong>\u00a0de una manera pr\u00e1ctica y din\u00e1mica, en los cuales se\u00a0<strong>incluye tambi\u00e9n las digitaciones<\/strong>\u00a0correspondientes en cada caso.<\/p>\n<p>Con el\u00a0<strong>estudio de los 24 ejercicios<\/strong>\u00a0lograremos adem\u00e1s del\u00a0<strong>simple hecho de tocar la escala por grado conjunto, producir m\u00fasica mediante el uso de las diferentes herramientas que se presentan.<\/strong><\/p>\n<hr \/>\n<p><b>METODOLOG\u00cdA<\/b><\/p>\n<p>El siguiente\u00a0<strong>plan de t\u00e9cnica<\/strong>\u00a0nos proporciona una metodolog\u00eda de trabajo ideal tanto para el alumno autodidacta como as\u00ed tambi\u00e9n para el profesor, logrando de esta manera una mayor fluidez y dinamismo en las clases.<\/p>\n<p>Incluye\u00a0<strong>24 ejercicios<\/strong>\u00a0<strong>con digitaci\u00f3n completa, barras de repetici\u00f3n y pistas de pr\u00e1ctica.<\/strong><\/p>\n<p><strong>\u00a0 \u00a0* <\/strong><strong>Por Grado Conjunto:\u00a0\u00a0<\/strong><em>a \u2013 b<\/em><\/p>\n<p><strong>\u00a0 \u00a0* Por Patrones:<\/strong><em>\u00a0 1 y 2<\/em><\/p>\n<p><strong>\u00a0 \u00a0* Por Terceras:\u00a0\u00a0<\/strong><em>Pares \u2013\u00a0a \u2013 b \u2013 c \u2013 d\u00a0<\/em><\/p>\n<p><strong>\u00a0 \u00a0* Por Cuartas:\u00a0\u00a0<\/strong><em>Pares \u2013\u00a0a \u2013 b \u2013 c \u2013 d\u00a0<\/em><\/p>\n<p><strong>\u00a0 \u00a0* Por Sextas:\u00a0\u00a0<\/strong><em>Pares \u2013\u00a0a \u2013 b \u2013 c \u2013 d\u00a0<\/em><\/p>\n<p><strong>\u00a0 \u00a0* Por Tr\u00edadas:<\/strong>\u00a0\u00a0<em>Pares \u2013\u00a0a \u2013 b \u2013 c \u2013 d\u00a0<\/em><\/p>\n<hr \/>\n<p>Para m\u00e1s informaci\u00f3n consulte al autor escribiendo a:\u00a0<span style=\"color: #3366ff;\"><a style=\"color: #3366ff;\" href=\"mailto:nestor.crespo@usa.net\">nestor.crespo@usa.net<\/a><\/span><\/p>\n<hr \/>\n<h2><strong>Libros Relacionados<\/strong><\/h2>\n<p><a href=\"https:\/\/www.serie20y20.com.ar\/nestor-crespo\/product\/bajo-escalas-arpegios\/?v=d72a48a8ebd2\"><img loading=\"lazy\" class=\"alignnone wp-image-5196\" src=\"https:\/\/www.serie20y20.com.ar\/nestor-crespo\/wp-content\/uploads\/2019\/01\/01.-Tapa-Escalas-y-Arpegios-PAGO-BAJO-2-212x300.jpg\" alt=\"\" width=\"212\" height=\"300\" srcset=\"https:\/\/www.serie20y20.com.ar\/nestor-crespo\/wp-content\/uploads\/2019\/01\/01.-Tapa-Escalas-y-Arpegios-PAGO-BAJO-2-212x300.jpg 212w, https:\/\/www.serie20y20.com.ar\/nestor-crespo\/wp-content\/uploads\/2019\/01\/01.-Tapa-Escalas-y-Arpegios-PAGO-BAJO-2-724x1024.jpg 724w, https:\/\/www.serie20y20.com.ar\/nestor-crespo\/wp-content\/uploads\/2019\/01\/01.-Tapa-Escalas-y-Arpegios-PAGO-BAJO-2-768x1086.jpg 768w, https:\/\/www.serie20y20.com.ar\/nestor-crespo\/wp-content\/uploads\/2019\/01\/01.-Tapa-Escalas-y-Arpegios-PAGO-BAJO-2-1086x1536.jpg 1086w, https:\/\/www.serie20y20.com.ar\/nestor-crespo\/wp-content\/uploads\/2019\/01\/01.-Tapa-Escalas-y-Arpegios-PAGO-BAJO-2-1448x2048.jpg 1448w, https:\/\/www.serie20y20.com.ar\/nestor-crespo\/wp-content\/uploads\/2019\/01\/01.-Tapa-Escalas-y-Arpegios-PAGO-BAJO-2-8x12.jpg 8w, https:\/\/www.serie20y20.com.ar\/nestor-crespo\/wp-content\/uploads\/2019\/01\/01.-Tapa-Escalas-y-Arpegios-PAGO-BAJO-2-555x785.jpg 555w, https:\/\/www.serie20y20.com.ar\/nestor-crespo\/wp-content\/uploads\/2019\/01\/01.-Tapa-Escalas-y-Arpegios-PAGO-BAJO-2-scaled.jpg 1811w\" sizes=\"(max-width: 212px) 100vw, 212px\" \/>\u00a0\u00a0\u00a0<\/a> <a href=\"https:\/\/www.serie20y20.com.ar\/nestor-crespo\/product\/bajo-escala-menor-melodica-plan-de-tecnica-e-improvisacion\/?v=d72a48a8ebd2\"><img loading=\"lazy\" class=\"alignnone wp-image-5204 size-medium\" src=\"https:\/\/www.serie20y20.com.ar\/nestor-crespo\/wp-content\/uploads\/2019\/01\/01.-Tapa-Escala-Menor-Melodica-Bajo-PAGO-212x300.jpg\" alt=\"\" width=\"212\" height=\"300\" srcset=\"https:\/\/www.serie20y20.com.ar\/nestor-crespo\/wp-content\/uploads\/2019\/01\/01.-Tapa-Escala-Menor-Melodica-Bajo-PAGO-212x300.jpg 212w, https:\/\/www.serie20y20.com.ar\/nestor-crespo\/wp-content\/uploads\/2019\/01\/01.-Tapa-Escala-Menor-Melodica-Bajo-PAGO-724x1024.jpg 724w, https:\/\/www.serie20y20.com.ar\/nestor-crespo\/wp-content\/uploads\/2019\/01\/01.-Tapa-Escala-Menor-Melodica-Bajo-PAGO-768x1086.jpg 768w, https:\/\/www.serie20y20.com.ar\/nestor-crespo\/wp-content\/uploads\/2019\/01\/01.-Tapa-Escala-Menor-Melodica-Bajo-PAGO-1086x1536.jpg 1086w, https:\/\/www.serie20y20.com.ar\/nestor-crespo\/wp-content\/uploads\/2019\/01\/01.-Tapa-Escala-Menor-Melodica-Bajo-PAGO-1448x2048.jpg 1448w, https:\/\/www.serie20y20.com.ar\/nestor-crespo\/wp-content\/uploads\/2019\/01\/01.-Tapa-Escala-Menor-Melodica-Bajo-PAGO-8x12.jpg 8w, https:\/\/www.serie20y20.com.ar\/nestor-crespo\/wp-content\/uploads\/2019\/01\/01.-Tapa-Escala-Menor-Melodica-Bajo-PAGO-555x785.jpg 555w, https:\/\/www.serie20y20.com.ar\/nestor-crespo\/wp-content\/uploads\/2019\/01\/01.-Tapa-Escala-Menor-Melodica-Bajo-PAGO-scaled.jpg 1811w\" sizes=\"(max-width: 212px) 100vw, 212px\" \/><\/a> <a href=\"https:\/\/www.serie20y20.com.ar\/nestor-crespo\/product\/teoria-armonia-funcional-1\/?v=d72a48a8ebd2\"><img loading=\"lazy\" class=\"alignnone wp-image-5718 size-medium\" src=\"https:\/\/www.serie20y20.com.ar\/nestor-crespo\/wp-content\/uploads\/2019\/01\/Armonia-Funcional-1-Gratis-211x300.jpg\" alt=\"\" width=\"211\" height=\"300\" srcset=\"https:\/\/www.serie20y20.com.ar\/nestor-crespo\/wp-content\/uploads\/2019\/01\/Armonia-Funcional-1-Gratis-211x300.jpg 211w, https:\/\/www.serie20y20.com.ar\/nestor-crespo\/wp-content\/uploads\/2019\/01\/Armonia-Funcional-1-Gratis-722x1024.jpg 722w, https:\/\/www.serie20y20.com.ar\/nestor-crespo\/wp-content\/uploads\/2019\/01\/Armonia-Funcional-1-Gratis-768x1089.jpg 768w, https:\/\/www.serie20y20.com.ar\/nestor-crespo\/wp-content\/uploads\/2019\/01\/Armonia-Funcional-1-Gratis-1083x1536.jpg 1083w, https:\/\/www.serie20y20.com.ar\/nestor-crespo\/wp-content\/uploads\/2019\/01\/Armonia-Funcional-1-Gratis-1444x2048.jpg 1444w, https:\/\/www.serie20y20.com.ar\/nestor-crespo\/wp-content\/uploads\/2019\/01\/Armonia-Funcional-1-Gratis-8x12.jpg 8w, https:\/\/www.serie20y20.com.ar\/nestor-crespo\/wp-content\/uploads\/2019\/01\/Armonia-Funcional-1-Gratis-555x787.jpg 555w, https:\/\/www.serie20y20.com.ar\/nestor-crespo\/wp-content\/uploads\/2019\/01\/Armonia-Funcional-1-Gratis-scaled.jpg 1805w\" sizes=\"(max-width: 211px) 100vw, 211px\" \/><\/a><\/p>\n","protected":false},"excerpt":{"rendered":"<p><iframe loading=\"lazy\" title=\"YouTube video player\" src=\"https:\/\/www.youtube.com\/embed\/kGnWWAwJGJg\" width=\"560\" height=\"315\" frameborder=\"0\" allowfullscreen=\"allowfullscreen\"><\/iframe><\/p>\n","protected":false},"featured_media":5198,"comment_status":"open","ping_status":"closed","template":"","meta":[],"product_cat":[15],"product_tag":[],"_links":{"self":[{"href":"https:\/\/www.serie20y20.com.ar\/nestor-crespo\/wp-json\/wp\/v2\/product\/213"}],"collection":[{"href":"https:\/\/www.serie20y20.com.ar\/nestor-crespo\/wp-json\/wp\/v2\/product"}],"about":[{"href":"https:\/\/www.serie20y20.com.ar\/nestor-crespo\/wp-json\/wp\/v2\/types\/product"}],"replies":[{"embeddable":true,"href":"https:\/\/www.serie20y20.com.ar\/nestor-crespo\/wp-json\/wp\/v2\/comments?post=213"}],"wp:featuredmedia":[{"embeddable":true,"href":"https:\/\/www.serie20y20.com.ar\/nestor-crespo\/wp-json\/wp\/v2\/media\/5198"}],"wp:attachment":[{"href":"https:\/\/www.serie20y20.com.ar\/nestor-crespo\/wp-json\/wp\/v2\/media?parent=213"}],"wp:term":[{"taxonomy":"product_cat","embeddable":true,"href":"https:\/\/www.serie20y20.com.ar\/nestor-crespo\/wp-json\/wp\/v2\/product_cat?post=213"},{"taxonomy":"product_tag","embeddable":true,"href":"https:\/\/www.serie20y20.com.ar\/nestor-crespo\/wp-json\/wp\/v2\/product_tag?post=213"}],"curies":[{"name":"wp","href":"https:\/\/api.w.org\/{rel}","templated":true}]}}