{"id":1669,"date":"2020-01-25T01:26:29","date_gmt":"2020-01-25T04:26:29","guid":{"rendered":"http:\/\/serie20y20.com.ar\/nestor-crespo\/?post_type=product&#038;p=1669"},"modified":"2026-03-30T10:20:44","modified_gmt":"2026-03-30T13:20:44","slug":"guitarra-triadas-abiertas-1","status":"publish","type":"product","link":"https:\/\/www.serie20y20.com.ar\/nestor-crespo\/product\/guitarra-triadas-abiertas-1\/","title":{"rendered":"GUITARRA \/ Triadas Abiertas 1"},"content":{"rendered":"<p style=\"text-align: center;\"><strong>Pr\u00e1ctica y din\u00e1mica metodolog\u00eda de trabajo tanto para el alumno autodidacta,<br \/>\n<\/strong><strong>como as\u00ed tambi\u00e9n para el profesor en clase.<\/strong><\/p>\n<hr \/>\n<p>Con su compra\u00a0<strong>(PDF de 124 p\u00e1ginas \u2013 291MB)\u00a0<\/strong>Usted adquiere adem\u00e1s:<\/p>\n<p><strong>\u00a0 \u00a0*\u00a0 Ejercicios con Progresiones<em>\u00a0<\/em><\/strong><em>(48 Modo Mayor y\u00a0 40 en el Menor \u2013 Ciclo de 5tas, 3ras, etc.)<\/em><\/p>\n<p><strong>\u00a0 \u00a0*\u00a0 12 Trabajos Pr\u00e1cticos<\/strong>\u00a0<em>\u00a0(Temas standards de jazz en 4\/4 &#8211; 3\/4 y baladas)<\/em><\/p>\n<p><strong>\u00a0 \u00a0*\u00a0 112 Pistas de Pr\u00e1ctica<\/strong>\u00a0<em>\u00a0(Complemento esencial para el completo estudio de los conceptos estudiados)<br \/>\n<\/em><br \/>\n<strong>\u00a0 \u00a0*\u00a0 Libro para Imprimir\u00a0\u00a0<\/strong><em>(Sin Marca de Agua)<\/em><\/p>\n<hr \/>\n<p><strong>OBJETIVOS Y\u00a0<\/strong><b>PROP\u00d3SITO<\/b><\/p>\n<p>Es usual el empleo de las <strong>tr\u00edadas en disposici\u00f3n cerrada<\/strong>, sin embargo muchos instrumentistas y compositores las <strong>utilizan de manera abierta logrando de esta manera un mayor peso expresivo.<\/strong><\/p>\n<p>Las tr\u00edadas abiertas <strong>se logran subiendo o bajando una octava la voz interna de una tr\u00edada en posici\u00f3n cerrada<\/strong>, ya sea que se encuentre en <strong>estado fundamental o invertida<\/strong><\/p>\n<p>Recorriendo los <strong>distintos ejercicios, progresiones y obras<\/strong> el alumno alcanzar\u00e1 un <strong>manejo consciente y din\u00e1mico de las diferentes digitaciones y sonoridades producidas.<\/strong><\/p>\n<hr \/>\n<p><strong>CONTENIDOS<\/strong><\/p>\n<p>Emplearemos cuatro tipos de tr\u00edadas abiertas: <strong>Mayor &#8211; Menor &#8211; Disminuida y Aumentada<\/strong>, tanto en<strong> posici\u00f3n fundamental como en primera y segunda inversi\u00f3n<\/strong> en los sets de cuerdas: <strong>6 5 3 &#8211; 6 4 3 &#8211; 5 4 2 &#8211; 4 3 1<\/strong><\/p>\n<p>Los diferentes sets est\u00e1n organizados partiendo del <strong>estudio de las digitaciones<\/strong> de cada tipo de tr\u00edada, antes citadas, <strong>en posici\u00f3n y en sentido transversal.<\/strong><\/p>\n<p>Cuenta adem\u00e1s con <strong>44 progresiones en el modo mayor y 40 en el modo menor<\/strong> empleando conceptos del <strong>Ebook Armon\u00eda Funcional 1<\/strong> <em>(Autor N\u00e9stor Crespo)<\/em>: <strong>Acordes Diat\u00f3nicos, Dominantes Secundarios, Sustitutos y Acordes de intercambio modal.<\/strong><\/p>\n<p>Asimismo se incluye la <strong>armonizaci\u00f3n de la Escala Mayor, la Escala Menor Compuesta, C\u00edrculo de 5tas y de 3ras diat\u00f3nico.<\/strong><\/p>\n<p>Los<strong> 12 trabajos pr\u00e1cticos<\/strong> incluyen temas standards de jazz en 4\/4 &#8211; 3\/4 y balada<\/p>\n<p>Vale aclarar que el objetivo es el empleo de las mismas <strong>en forma de acorde por medio de diferentes patrones r\u00edtmicos para mano derecha.<\/strong><\/p>\n<p>Adem\u00e1s se incluyen las digitaciones de otras cuatro tipos de tr\u00edadas abiertas:<strong> Sus2 &#8211; Sus4 &#8211; Lidia y Frigia.<\/strong><\/p>\n<hr \/>\n<p><strong>AUDIOS<\/strong><\/p>\n<p>Los<strong> 112 audios<\/strong> incluidos es son un complemento necesario para el correcto estudio del presente Ebook.<\/p>\n<p><strong>\u00a0 \u00a0*\u00a0 88 Ejercicio<\/strong>s <em>(con cuarteto de cuerdas)<br \/>\n<\/em><br \/>\n<strong>\u00a0 \u00a0*\u00a0 12 Trabajos Pr\u00e1cticos<\/strong> (con cuarteto de cuerdas como as\u00ed tambi\u00e9n s\u00f3lo con melod\u00eda y contrabajo )<\/p>\n<p><strong>\u00a0 \u00a0*\u00a0 6 Audios<\/strong>\u00a0<em>(patrones r\u00edtmicos para mano derecha)<\/em><\/p>\n<p>Los<strong> audios con cuarteto de cuerdas<\/strong> nos van a permitir <strong>tomar una real dimensi\u00f3n de la amplitud sonora producida mediante el uso de las tr\u00edadas abiertas<\/strong> y disfrutar al momento de practicar los diferentes <strong>ejercicios y trabajos pr\u00e1cticos<\/strong>.<\/p>\n<hr \/>\n<p>Para m\u00e1s informaci\u00f3n consulte al autor escribiendo a:\u00a0<span style=\"color: #3366ff;\"><u>nestor.crespo@usa.net<\/u><\/span><\/p>\n<hr \/>\n<h2><strong>Libros Relacionados<\/strong><\/h2>\n<p><a href=\"https:\/\/www.serie20y20.com.ar\/nestor-crespo\/product\/guitarra-triadas-abiertas-2\/?v=d72a48a8ebd2\"><img loading=\"lazy\" class=\"wp-image-5767 size-medium alignleft\" src=\"https:\/\/www.serie20y20.com.ar\/nestor-crespo\/wp-content\/uploads\/2020\/01\/Triadas-Abiertas-2-PAGO-211x300.jpg\" alt=\"\" width=\"211\" height=\"300\" srcset=\"https:\/\/www.serie20y20.com.ar\/nestor-crespo\/wp-content\/uploads\/2020\/01\/Triadas-Abiertas-2-PAGO-211x300.jpg 211w, https:\/\/www.serie20y20.com.ar\/nestor-crespo\/wp-content\/uploads\/2020\/01\/Triadas-Abiertas-2-PAGO-720x1024.jpg 720w, https:\/\/www.serie20y20.com.ar\/nestor-crespo\/wp-content\/uploads\/2020\/01\/Triadas-Abiertas-2-PAGO-768x1092.jpg 768w, https:\/\/www.serie20y20.com.ar\/nestor-crespo\/wp-content\/uploads\/2020\/01\/Triadas-Abiertas-2-PAGO-1080x1536.jpg 1080w, https:\/\/www.serie20y20.com.ar\/nestor-crespo\/wp-content\/uploads\/2020\/01\/Triadas-Abiertas-2-PAGO-1440x2048.jpg 1440w, https:\/\/www.serie20y20.com.ar\/nestor-crespo\/wp-content\/uploads\/2020\/01\/Triadas-Abiertas-2-PAGO-8x12.jpg 8w, https:\/\/www.serie20y20.com.ar\/nestor-crespo\/wp-content\/uploads\/2020\/01\/Triadas-Abiertas-2-PAGO-555x789.jpg 555w, https:\/\/www.serie20y20.com.ar\/nestor-crespo\/wp-content\/uploads\/2020\/01\/Triadas-Abiertas-2-PAGO-scaled.jpg 1800w\" sizes=\"(max-width: 211px) 100vw, 211px\" \/><\/a><\/p>\n<p><a href=\"https:\/\/www.serie20y20.com.ar\/nestor-crespo\/product\/guitarra-acordes-de-septima\/?v=d72a48a8ebd2\"><img loading=\"lazy\" class=\"wp-image-5756 size-medium alignleft\" src=\"https:\/\/www.serie20y20.com.ar\/nestor-crespo\/wp-content\/uploads\/2019\/01\/Acordes-de-Septima-1-GRATIS-212x300.jpg\" alt=\"\" width=\"212\" height=\"300\" srcset=\"https:\/\/www.serie20y20.com.ar\/nestor-crespo\/wp-content\/uploads\/2019\/01\/Acordes-de-Septima-1-GRATIS-212x300.jpg 212w, https:\/\/www.serie20y20.com.ar\/nestor-crespo\/wp-content\/uploads\/2019\/01\/Acordes-de-Septima-1-GRATIS-724x1024.jpg 724w, https:\/\/www.serie20y20.com.ar\/nestor-crespo\/wp-content\/uploads\/2019\/01\/Acordes-de-Septima-1-GRATIS-768x1086.jpg 768w, https:\/\/www.serie20y20.com.ar\/nestor-crespo\/wp-content\/uploads\/2019\/01\/Acordes-de-Septima-1-GRATIS-1086x1536.jpg 1086w, https:\/\/www.serie20y20.com.ar\/nestor-crespo\/wp-content\/uploads\/2019\/01\/Acordes-de-Septima-1-GRATIS-1448x2048.jpg 1448w, https:\/\/www.serie20y20.com.ar\/nestor-crespo\/wp-content\/uploads\/2019\/01\/Acordes-de-Septima-1-GRATIS-8x12.jpg 8w, https:\/\/www.serie20y20.com.ar\/nestor-crespo\/wp-content\/uploads\/2019\/01\/Acordes-de-Septima-1-GRATIS-555x785.jpg 555w, https:\/\/www.serie20y20.com.ar\/nestor-crespo\/wp-content\/uploads\/2019\/01\/Acordes-de-Septima-1-GRATIS-scaled.jpg 1810w\" sizes=\"(max-width: 212px) 100vw, 212px\" \/><\/a> <a href=\"https:\/\/www.serie20y20.com.ar\/nestor-crespo\/product\/teoria-el-metodo-armonico-de-barry-harris-volumen-1\/?v=d72a48a8ebd2\"><img loading=\"lazy\" class=\"wp-image-5726 size-medium alignleft\" src=\"https:\/\/www.serie20y20.com.ar\/nestor-crespo\/wp-content\/uploads\/2020\/11\/01.-Tapa-Metodo-Armonico-Vol-1-PAGO-212x300.jpg\" alt=\"\" width=\"212\" height=\"300\" srcset=\"https:\/\/www.serie20y20.com.ar\/nestor-crespo\/wp-content\/uploads\/2020\/11\/01.-Tapa-Metodo-Armonico-Vol-1-PAGO-212x300.jpg 212w, https:\/\/www.serie20y20.com.ar\/nestor-crespo\/wp-content\/uploads\/2020\/11\/01.-Tapa-Metodo-Armonico-Vol-1-PAGO-724x1024.jpg 724w, https:\/\/www.serie20y20.com.ar\/nestor-crespo\/wp-content\/uploads\/2020\/11\/01.-Tapa-Metodo-Armonico-Vol-1-PAGO-768x1086.jpg 768w, https:\/\/www.serie20y20.com.ar\/nestor-crespo\/wp-content\/uploads\/2020\/11\/01.-Tapa-Metodo-Armonico-Vol-1-PAGO-1086x1536.jpg 1086w, https:\/\/www.serie20y20.com.ar\/nestor-crespo\/wp-content\/uploads\/2020\/11\/01.-Tapa-Metodo-Armonico-Vol-1-PAGO-1448x2048.jpg 1448w, https:\/\/www.serie20y20.com.ar\/nestor-crespo\/wp-content\/uploads\/2020\/11\/01.-Tapa-Metodo-Armonico-Vol-1-PAGO-8x12.jpg 8w, https:\/\/www.serie20y20.com.ar\/nestor-crespo\/wp-content\/uploads\/2020\/11\/01.-Tapa-Metodo-Armonico-Vol-1-PAGO-555x785.jpg 555w, https:\/\/www.serie20y20.com.ar\/nestor-crespo\/wp-content\/uploads\/2020\/11\/01.-Tapa-Metodo-Armonico-Vol-1-PAGO-scaled.jpg 1810w\" sizes=\"(max-width: 212px) 100vw, 212px\" \/><\/a><\/p>\n","protected":false},"excerpt":{"rendered":"<p><iframe loading=\"lazy\" title=\"YouTube video player\" src=\"https:\/\/www.youtube.com\/embed\/kGnWWAwJGJg\" width=\"560\" height=\"315\" frameborder=\"0\" allowfullscreen=\"allowfullscreen\"><\/iframe><\/p>\n","protected":false},"featured_media":5766,"comment_status":"open","ping_status":"closed","template":"","meta":[],"product_cat":[15],"product_tag":[],"_links":{"self":[{"href":"https:\/\/www.serie20y20.com.ar\/nestor-crespo\/wp-json\/wp\/v2\/product\/1669"}],"collection":[{"href":"https:\/\/www.serie20y20.com.ar\/nestor-crespo\/wp-json\/wp\/v2\/product"}],"about":[{"href":"https:\/\/www.serie20y20.com.ar\/nestor-crespo\/wp-json\/wp\/v2\/types\/product"}],"replies":[{"embeddable":true,"href":"https:\/\/www.serie20y20.com.ar\/nestor-crespo\/wp-json\/wp\/v2\/comments?post=1669"}],"wp:featuredmedia":[{"embeddable":true,"href":"https:\/\/www.serie20y20.com.ar\/nestor-crespo\/wp-json\/wp\/v2\/media\/5766"}],"wp:attachment":[{"href":"https:\/\/www.serie20y20.com.ar\/nestor-crespo\/wp-json\/wp\/v2\/media?parent=1669"}],"wp:term":[{"taxonomy":"product_cat","embeddable":true,"href":"https:\/\/www.serie20y20.com.ar\/nestor-crespo\/wp-json\/wp\/v2\/product_cat?post=1669"},{"taxonomy":"product_tag","embeddable":true,"href":"https:\/\/www.serie20y20.com.ar\/nestor-crespo\/wp-json\/wp\/v2\/product_tag?post=1669"}],"curies":[{"name":"wp","href":"https:\/\/api.w.org\/{rel}","templated":true}]}}