{"id":163,"date":"2019-01-29T19:21:35","date_gmt":"2019-01-29T22:21:35","guid":{"rendered":"http:\/\/serie20y20.com.ar\/tienda\/?post_type=product&#038;p=163"},"modified":"2026-04-10T13:25:17","modified_gmt":"2026-04-10T16:25:17","slug":"teoria-teoria-musical","status":"publish","type":"product","link":"https:\/\/www.serie20y20.com.ar\/nestor-crespo\/product\/teoria-teoria-musical\/","title":{"rendered":"TEOR\u00cdA \/ Teor\u00eda Musical &#8211; (Con las Soluciones de los 20 Ejercicios)"},"content":{"rendered":"<p style=\"text-align: center;\"><strong>Pr\u00e1ctica y din\u00e1mica metodolog\u00eda de trabajo tanto para el alumno autodidacta,<br \/>\n<\/strong><strong>como as\u00ed tambi\u00e9n para el profesor en clase.<\/strong><\/p>\n<hr \/>\n<p><strong>OBJETIVOS Y PROP\u00d3SITO<\/strong><\/p>\n<p>Con su compra <strong>(PDF de 69 p\u00e1ginas &#8211; 16,5 MB)<\/strong> Usted adquiere:<\/p>\n<p><strong>*<\/strong>\u00a0 <strong>Las 20 Lecciones y los 20 Ejercicios.\u00a0<\/strong> <em>(Esenciales para comprobar lo aprendido)<\/em><\/p>\n<p>*\u00a0 <strong>Las Soluciones de los 20 Ejercicios.\u00a0<\/strong> <em>(Esenciales para comprobar lo aprendido)<\/em><\/p>\n<p><strong>*\u00a0 Libro Completo para Imprimir.<\/strong> <em>( Sin Marca de Agua )<\/em><\/p>\n<hr \/>\n<p><strong>OBJETIVOS Y PROP\u00d3SITO<\/strong><\/p>\n<p>En el presente libro estudiaremos <strong>las herramientas necesarias como introducci\u00f3n al estudio de la armon\u00eda.<\/strong><\/p>\n<p>Es de suma importancia conocer <strong>todas y cada una de las lecciones comprendidas<\/strong> en el presente volumen dado a que la omisi\u00f3n de alguna de ellas har\u00eda muy dif\u00edcil c<strong>omprender todo lo referente al estudio de la Armon\u00eda Funcional.<\/strong> <em>(Ebook Armon\u00eda Funcional 1 y 2 &#8211; Serie 20&amp;20)<\/em><\/p>\n<hr \/>\n<p>Para m\u00e1s informaci\u00f3n consulte al autor escribiendo a:\u00a0 <span style=\"color: #3366ff;\"><a style=\"color: #3366ff;\" href=\"mailto:nestor.crespo@usa.net\">nestor.crespo@usa.net<\/a><\/span><\/p>\n<hr \/>\n<h2><strong>Libros Relacionados<\/strong><\/h2>\n<p><a href=\"https:\/\/www.serie20y20.com.ar\/nestor-crespo\/product\/teoria-lenguaje-musical-con-las-soluciones-de-los-20-ejercicios\/?v=d72a48a8ebd2\"><img loading=\"lazy\" class=\"alignnone wp-image-5712 size-medium\" src=\"https:\/\/www.serie20y20.com.ar\/nestor-crespo\/wp-content\/uploads\/2019\/01\/Lenguaje-Musical-PAGO-211x300.jpg\" alt=\"\" width=\"211\" height=\"300\" srcset=\"https:\/\/www.serie20y20.com.ar\/nestor-crespo\/wp-content\/uploads\/2019\/01\/Lenguaje-Musical-PAGO-211x300.jpg 211w, https:\/\/www.serie20y20.com.ar\/nestor-crespo\/wp-content\/uploads\/2019\/01\/Lenguaje-Musical-PAGO-722x1024.jpg 722w, https:\/\/www.serie20y20.com.ar\/nestor-crespo\/wp-content\/uploads\/2019\/01\/Lenguaje-Musical-PAGO-768x1089.jpg 768w, https:\/\/www.serie20y20.com.ar\/nestor-crespo\/wp-content\/uploads\/2019\/01\/Lenguaje-Musical-PAGO-1083x1536.jpg 1083w, https:\/\/www.serie20y20.com.ar\/nestor-crespo\/wp-content\/uploads\/2019\/01\/Lenguaje-Musical-PAGO-1444x2048.jpg 1444w, https:\/\/www.serie20y20.com.ar\/nestor-crespo\/wp-content\/uploads\/2019\/01\/Lenguaje-Musical-PAGO-8x12.jpg 8w, https:\/\/www.serie20y20.com.ar\/nestor-crespo\/wp-content\/uploads\/2019\/01\/Lenguaje-Musical-PAGO-555x787.jpg 555w, https:\/\/www.serie20y20.com.ar\/nestor-crespo\/wp-content\/uploads\/2019\/01\/Lenguaje-Musical-PAGO-scaled.jpg 1805w\" sizes=\"(max-width: 211px) 100vw, 211px\" \/><\/a><a href=\"https:\/\/www.serie20y20.com.ar\/nestor-crespo\/product\/teoria-armonia-funcional-1\/?v=d72a48a8ebd2\"><img loading=\"lazy\" class=\"alignnone wp-image-5714 size-medium\" src=\"https:\/\/www.serie20y20.com.ar\/nestor-crespo\/wp-content\/uploads\/2019\/01\/Armonia-Funcional-1-Pago-211x300.jpg\" alt=\"\" width=\"211\" height=\"300\" srcset=\"https:\/\/www.serie20y20.com.ar\/nestor-crespo\/wp-content\/uploads\/2019\/01\/Armonia-Funcional-1-Pago-211x300.jpg 211w, https:\/\/www.serie20y20.com.ar\/nestor-crespo\/wp-content\/uploads\/2019\/01\/Armonia-Funcional-1-Pago-722x1024.jpg 722w, https:\/\/www.serie20y20.com.ar\/nestor-crespo\/wp-content\/uploads\/2019\/01\/Armonia-Funcional-1-Pago-768x1089.jpg 768w, https:\/\/www.serie20y20.com.ar\/nestor-crespo\/wp-content\/uploads\/2019\/01\/Armonia-Funcional-1-Pago-1083x1536.jpg 1083w, https:\/\/www.serie20y20.com.ar\/nestor-crespo\/wp-content\/uploads\/2019\/01\/Armonia-Funcional-1-Pago-1444x2048.jpg 1444w, https:\/\/www.serie20y20.com.ar\/nestor-crespo\/wp-content\/uploads\/2019\/01\/Armonia-Funcional-1-Pago-8x12.jpg 8w, https:\/\/www.serie20y20.com.ar\/nestor-crespo\/wp-content\/uploads\/2019\/01\/Armonia-Funcional-1-Pago-555x787.jpg 555w, https:\/\/www.serie20y20.com.ar\/nestor-crespo\/wp-content\/uploads\/2019\/01\/Armonia-Funcional-1-Pago-scaled.jpg 1805w\" sizes=\"(max-width: 211px) 100vw, 211px\" \/><\/a><a href=\"https:\/\/www.serie20y20.com.ar\/nestor-crespo\/product\/teoria-armonia-funcional-2\/?v=d72a48a8ebd2\"><img loading=\"lazy\" class=\"alignnone wp-image-5715 size-medium\" src=\"https:\/\/www.serie20y20.com.ar\/nestor-crespo\/wp-content\/uploads\/2019\/01\/Armonia-Funcional-2-Pago-211x300.jpg\" alt=\"\" width=\"211\" height=\"300\" srcset=\"https:\/\/www.serie20y20.com.ar\/nestor-crespo\/wp-content\/uploads\/2019\/01\/Armonia-Funcional-2-Pago-211x300.jpg 211w, https:\/\/www.serie20y20.com.ar\/nestor-crespo\/wp-content\/uploads\/2019\/01\/Armonia-Funcional-2-Pago-722x1024.jpg 722w, https:\/\/www.serie20y20.com.ar\/nestor-crespo\/wp-content\/uploads\/2019\/01\/Armonia-Funcional-2-Pago-768x1089.jpg 768w, https:\/\/www.serie20y20.com.ar\/nestor-crespo\/wp-content\/uploads\/2019\/01\/Armonia-Funcional-2-Pago-1083x1536.jpg 1083w, https:\/\/www.serie20y20.com.ar\/nestor-crespo\/wp-content\/uploads\/2019\/01\/Armonia-Funcional-2-Pago-1444x2048.jpg 1444w, https:\/\/www.serie20y20.com.ar\/nestor-crespo\/wp-content\/uploads\/2019\/01\/Armonia-Funcional-2-Pago-8x12.jpg 8w, https:\/\/www.serie20y20.com.ar\/nestor-crespo\/wp-content\/uploads\/2019\/01\/Armonia-Funcional-2-Pago-555x787.jpg 555w, https:\/\/www.serie20y20.com.ar\/nestor-crespo\/wp-content\/uploads\/2019\/01\/Armonia-Funcional-2-Pago-scaled.jpg 1805w\" sizes=\"(max-width: 211px) 100vw, 211px\" \/><\/a><\/p>\n","protected":false},"excerpt":{"rendered":"<p><iframe loading=\"lazy\" title=\"YouTube video player\" src=\"https:\/\/www.youtube.com\/embed\/kGnWWAwJGJg\" width=\"560\" height=\"315\" frameborder=\"0\" allowfullscreen=\"allowfullscreen\"><\/iframe><\/p>\n","protected":false},"featured_media":5713,"comment_status":"open","ping_status":"closed","template":"","meta":[],"product_cat":[15],"product_tag":[],"_links":{"self":[{"href":"https:\/\/www.serie20y20.com.ar\/nestor-crespo\/wp-json\/wp\/v2\/product\/163"}],"collection":[{"href":"https:\/\/www.serie20y20.com.ar\/nestor-crespo\/wp-json\/wp\/v2\/product"}],"about":[{"href":"https:\/\/www.serie20y20.com.ar\/nestor-crespo\/wp-json\/wp\/v2\/types\/product"}],"replies":[{"embeddable":true,"href":"https:\/\/www.serie20y20.com.ar\/nestor-crespo\/wp-json\/wp\/v2\/comments?post=163"}],"wp:featuredmedia":[{"embeddable":true,"href":"https:\/\/www.serie20y20.com.ar\/nestor-crespo\/wp-json\/wp\/v2\/media\/5713"}],"wp:attachment":[{"href":"https:\/\/www.serie20y20.com.ar\/nestor-crespo\/wp-json\/wp\/v2\/media?parent=163"}],"wp:term":[{"taxonomy":"product_cat","embeddable":true,"href":"https:\/\/www.serie20y20.com.ar\/nestor-crespo\/wp-json\/wp\/v2\/product_cat?post=163"},{"taxonomy":"product_tag","embeddable":true,"href":"https:\/\/www.serie20y20.com.ar\/nestor-crespo\/wp-json\/wp\/v2\/product_tag?post=163"}],"curies":[{"name":"wp","href":"https:\/\/api.w.org\/{rel}","templated":true}]}}