{"id":398,"date":"2019-01-30T11:38:42","date_gmt":"2019-01-30T14:38:42","guid":{"rendered":"http:\/\/serie20y20.com.ar\/tienda\/?post_type=product&#038;p=398"},"modified":"2025-06-03T17:30:01","modified_gmt":"2025-06-03T20:30:01","slug":"teoria-armonia-funcional-2-2","status":"publish","type":"product","link":"https:\/\/www.serie20y20.com.ar\/nestor-crespo\/en\/product\/teoria-armonia-funcional-2-2\/","title":{"rendered":"TEOR\u00cdA \/ Armon\u00eda Funcional 2 \u2013 VERSI\u00d3N GRATUITA"},"content":{"rendered":"<h3 style=\"text-align: center;\"><span style=\"color: #3366ff;\">Si lo deseas puedes hacer el\u00a0<strong>CURSO VIRTUAL ASINCRONICO\u00a0<\/strong>del libro<\/span><br \/>\n<span style=\"color: #3366ff;\">con m\u00e1s de<strong>\u00a050 videos y actividades.<\/strong><\/span><br \/>\n<span style=\"color: #3366ff;\">Prof. N\u00e9stor Crespo<\/span><br \/>\n<span style=\"color: #3366ff;\">Toda la informaci\u00f3n haciendo\u00a0<span style=\"color: #ff0000;\"><a style=\"color: #ff0000;\" href=\"https:\/\/www.serie20y20.com.ar\/nestor-crespo\/en\/home\/curso-virtual-armonia-funcional-2-en-la-musica-popular\/\"><strong>CLIC AQUI<\/strong><\/a><\/span><\/span><\/h3>\n<hr \/>\n<h3 style=\"text-align: center;\" align=\"center\"><strong><span style=\"color: #3366ff;\">Si lo desea puede comprar el Libro Completo haciendo<\/span><span style=\"color: #ff0000;\"> <a style=\"color: #ff0000;\" href=\"https:\/\/www.serie20y20.com.ar\/nestor-crespo\/en\/product\/teoria-armonia-funcional-2\/?v=d72a48a8ebd2\">CLIC AQUI<\/a><\/span><\/strong><\/h3>\n<hr \/>\n<p><strong>Pr\u00e1ctica y din\u00e1mica metodolog\u00eda de trabajo tanto para el alumno autodidacta,\u00a0<\/strong><strong>como as\u00ed tambi\u00e9n para el profesor en clase.<\/strong><\/p>\n<hr \/>\n<p>Editado por\u00a0<strong>EDAMus:<\/strong>\u00a0Editorial del Departamento de Artes Musicales y Sonoras de la UNA<br \/>\n<strong>Universidad Nacional de las Artes<\/strong><br \/>\nAv. C\u00f3rdoba 2445- (C1120AAG) Buenos Aires \u2013 Argentina<\/p>\n<hr \/>\n<p><strong>CONTENIDOS<\/strong><\/p>\n<p>Usted est\u00e1 descargando la\u00a0<span style=\"color: #ff0000;\"><strong>VERSI\u00d3N GRATUITA<\/strong><\/span>\u00a0<strong>(PDF de 40 p\u00e1ginas &#8211; 19,2 MB)<\/strong> la cual <span style=\"color: #ff0000;\"><strong>no contiene:<\/strong><\/span><\/p>\n<p><span style=\"color: #ff0000;\"><strong>*<\/strong><span lang=\"ES-AR\">\u00a0\u00a0<strong>Los 15 Ejercicios restantes<\/strong>\u00a0<span style=\"color: #000000;\"><em>(esenciales para la pr\u00e1ctica de las 20 lecciones) (Ver \u00edndice en im\u00e1genes)<\/em><\/span><\/span><\/span><\/p>\n<p><span style=\"color: #ff0000;\"><strong><span lang=\"ES-AR\">*\u00a0 L<\/span>os 11 Trabajos Pr\u00e1cticos.<\/strong>\u00a0<\/span><em>(esenciales para comprobar lo aprendido)<\/em><\/p>\n<p><span style=\"color: #ff0000;\"><strong>*<\/strong>\u00a0<strong>185\u00a0Audios.<\/strong><\/span> <em>(complemento indispensable para el desarrollo del o\u00eddo arm\u00f3nico)<\/em><em><br \/>\n<\/em><br \/>\n<span style=\"color: #ff0000;\"><strong>*<\/strong>\u00a0<strong>Campos para completar.<\/strong><\/span>\u00a0<em>(sin tener necesidad de imprimir en papel)<br \/>\n<\/em><br \/>\n<span style=\"color: #ff0000;\">*\u00a0<strong>Libro para Imprimir.<\/strong>\u00a0<\/span> <em>( sin marca de agua )<\/em><\/p>\n<hr \/>\n<p><strong>OBJETIVOS Y PROP\u00d3SITO<\/strong><\/p>\n<p>El objetivo es el de brindar al alumno de manera din\u00e1mica, los elementos t\u00e9cnicos para <strong>analizar y rearmonizar obras en g\u00e9neros populares<\/strong> tales como el Tango, Folclore, Jazz, Rock, Pop, entre otros.<\/p>\n<p>Ya consolidados los conceptos vistos en <strong>Armon\u00eda Funcional 1<\/strong> continuaremos con el estudio de otros temas o t\u00f3picos entre los cuales se destaca:<strong> Acordes de Intercambio Modal.<\/strong><\/p>\n<p>Por otra parte nos abocaremos al estudio de: <strong>Usos y funciones del acorde IV#\u00f8, Cadena de II-V, Dominantes Extendidos, Serie de Acordes Dominantes, etc.<\/strong><\/p>\n<p>El conocimiento de todos estos conceptos de uso frecuente en la m\u00fasica popular nos permitir\u00e1 saber la funci\u00f3n que cumplen los mismos como parte de una composici\u00f3n como as\u00ed tambi\u00e9n, como elemento de rearmonizaci\u00f3n de una obra.<\/p>\n<hr \/>\n<p>Para m\u00e1s informaci\u00f3n consulte al autor escribiendo a:\u00a0<span style=\"color: #3366ff;\"><a style=\"color: #3366ff;\" href=\"mailto:nestor.crespo@usa.net\">nestor.crespo@usa.net<\/a><\/span><\/p>\n<hr \/>\n<h2><strong>Libros Relacionados<\/strong><\/h2>\n<p><a href=\"https:\/\/www.serie20y20.com.ar\/nestor-crespo\/en\/product\/teoria-lenguaje-musical-con-las-soluciones-de-los-20-ejercicios\/?v=d72a48a8ebd2\"><img loading=\"lazy\" class=\"alignnone wp-image-5712 size-medium\" src=\"https:\/\/www.serie20y20.com.ar\/nestor-crespo\/wp-content\/uploads\/2019\/01\/Lenguaje-Musical-PAGO-211x300.jpg\" alt=\"\" width=\"211\" height=\"300\" srcset=\"https:\/\/www.serie20y20.com.ar\/nestor-crespo\/wp-content\/uploads\/2019\/01\/Lenguaje-Musical-PAGO-211x300.jpg 211w, https:\/\/www.serie20y20.com.ar\/nestor-crespo\/wp-content\/uploads\/2019\/01\/Lenguaje-Musical-PAGO-722x1024.jpg 722w, https:\/\/www.serie20y20.com.ar\/nestor-crespo\/wp-content\/uploads\/2019\/01\/Lenguaje-Musical-PAGO-768x1089.jpg 768w, https:\/\/www.serie20y20.com.ar\/nestor-crespo\/wp-content\/uploads\/2019\/01\/Lenguaje-Musical-PAGO-1083x1536.jpg 1083w, https:\/\/www.serie20y20.com.ar\/nestor-crespo\/wp-content\/uploads\/2019\/01\/Lenguaje-Musical-PAGO-1444x2048.jpg 1444w, https:\/\/www.serie20y20.com.ar\/nestor-crespo\/wp-content\/uploads\/2019\/01\/Lenguaje-Musical-PAGO-8x12.jpg 8w, https:\/\/www.serie20y20.com.ar\/nestor-crespo\/wp-content\/uploads\/2019\/01\/Lenguaje-Musical-PAGO-555x787.jpg 555w, https:\/\/www.serie20y20.com.ar\/nestor-crespo\/wp-content\/uploads\/2019\/01\/Lenguaje-Musical-PAGO-scaled.jpg 1805w\" sizes=\"(max-width: 211px) 100vw, 211px\" \/><\/a> <a href=\"https:\/\/www.serie20y20.com.ar\/nestor-crespo\/en\/product\/teoria-teoria-musical\/?v=d72a48a8ebd2\"><img loading=\"lazy\" class=\"alignnone wp-image-5713 size-medium\" src=\"https:\/\/www.serie20y20.com.ar\/nestor-crespo\/wp-content\/uploads\/2019\/01\/Teoria-Musical-PAGO-211x300.jpg\" alt=\"\" width=\"211\" height=\"300\" srcset=\"https:\/\/www.serie20y20.com.ar\/nestor-crespo\/wp-content\/uploads\/2019\/01\/Teoria-Musical-PAGO-211x300.jpg 211w, https:\/\/www.serie20y20.com.ar\/nestor-crespo\/wp-content\/uploads\/2019\/01\/Teoria-Musical-PAGO-722x1024.jpg 722w, https:\/\/www.serie20y20.com.ar\/nestor-crespo\/wp-content\/uploads\/2019\/01\/Teoria-Musical-PAGO-768x1089.jpg 768w, https:\/\/www.serie20y20.com.ar\/nestor-crespo\/wp-content\/uploads\/2019\/01\/Teoria-Musical-PAGO-1083x1536.jpg 1083w, https:\/\/www.serie20y20.com.ar\/nestor-crespo\/wp-content\/uploads\/2019\/01\/Teoria-Musical-PAGO-1444x2048.jpg 1444w, https:\/\/www.serie20y20.com.ar\/nestor-crespo\/wp-content\/uploads\/2019\/01\/Teoria-Musical-PAGO-8x12.jpg 8w, https:\/\/www.serie20y20.com.ar\/nestor-crespo\/wp-content\/uploads\/2019\/01\/Teoria-Musical-PAGO-555x787.jpg 555w, https:\/\/www.serie20y20.com.ar\/nestor-crespo\/wp-content\/uploads\/2019\/01\/Teoria-Musical-PAGO-scaled.jpg 1805w\" sizes=\"(max-width: 211px) 100vw, 211px\" \/><\/a><a href=\"https:\/\/www.serie20y20.com.ar\/nestor-crespo\/en\/product\/teoria-armonia-funcional-1\/?v=d72a48a8ebd2\"><img loading=\"lazy\" class=\"alignnone wp-image-5718 size-medium\" src=\"https:\/\/www.serie20y20.com.ar\/nestor-crespo\/wp-content\/uploads\/2019\/01\/Armonia-Funcional-1-Gratis-211x300.jpg\" alt=\"\" width=\"211\" height=\"300\" srcset=\"https:\/\/www.serie20y20.com.ar\/nestor-crespo\/wp-content\/uploads\/2019\/01\/Armonia-Funcional-1-Gratis-211x300.jpg 211w, https:\/\/www.serie20y20.com.ar\/nestor-crespo\/wp-content\/uploads\/2019\/01\/Armonia-Funcional-1-Gratis-722x1024.jpg 722w, https:\/\/www.serie20y20.com.ar\/nestor-crespo\/wp-content\/uploads\/2019\/01\/Armonia-Funcional-1-Gratis-768x1089.jpg 768w, https:\/\/www.serie20y20.com.ar\/nestor-crespo\/wp-content\/uploads\/2019\/01\/Armonia-Funcional-1-Gratis-1083x1536.jpg 1083w, https:\/\/www.serie20y20.com.ar\/nestor-crespo\/wp-content\/uploads\/2019\/01\/Armonia-Funcional-1-Gratis-1444x2048.jpg 1444w, https:\/\/www.serie20y20.com.ar\/nestor-crespo\/wp-content\/uploads\/2019\/01\/Armonia-Funcional-1-Gratis-8x12.jpg 8w, https:\/\/www.serie20y20.com.ar\/nestor-crespo\/wp-content\/uploads\/2019\/01\/Armonia-Funcional-1-Gratis-555x787.jpg 555w, https:\/\/www.serie20y20.com.ar\/nestor-crespo\/wp-content\/uploads\/2019\/01\/Armonia-Funcional-1-Gratis-scaled.jpg 1805w\" sizes=\"(max-width: 211px) 100vw, 211px\" \/><\/a><\/p>","protected":false},"excerpt":{"rendered":"<p><iframe loading=\"lazy\" title=\"YouTube video player\" src=\"https:\/\/www.youtube.com\/embed\/kGnWWAwJGJg\" width=\"560\" height=\"315\" frameborder=\"0\" allowfullscreen=\"allowfullscreen\"><\/iframe><\/p>","protected":false},"featured_media":5719,"comment_status":"open","ping_status":"closed","template":"","meta":[],"product_cat":[15,47],"product_tag":[],"_links":{"self":[{"href":"https:\/\/www.serie20y20.com.ar\/nestor-crespo\/en\/wp-json\/wp\/v2\/product\/398"}],"collection":[{"href":"https:\/\/www.serie20y20.com.ar\/nestor-crespo\/en\/wp-json\/wp\/v2\/product"}],"about":[{"href":"https:\/\/www.serie20y20.com.ar\/nestor-crespo\/en\/wp-json\/wp\/v2\/types\/product"}],"replies":[{"embeddable":true,"href":"https:\/\/www.serie20y20.com.ar\/nestor-crespo\/en\/wp-json\/wp\/v2\/comments?post=398"}],"wp:featuredmedia":[{"embeddable":true,"href":"https:\/\/www.serie20y20.com.ar\/nestor-crespo\/en\/wp-json\/wp\/v2\/media\/5719"}],"wp:attachment":[{"href":"https:\/\/www.serie20y20.com.ar\/nestor-crespo\/en\/wp-json\/wp\/v2\/media?parent=398"}],"wp:term":[{"taxonomy":"product_cat","embeddable":true,"href":"https:\/\/www.serie20y20.com.ar\/nestor-crespo\/en\/wp-json\/wp\/v2\/product_cat?post=398"},{"taxonomy":"product_tag","embeddable":true,"href":"https:\/\/www.serie20y20.com.ar\/nestor-crespo\/en\/wp-json\/wp\/v2\/product_tag?post=398"}],"curies":[{"name":"wp","href":"https:\/\/api.w.org\/{rel}","templated":true}]}}