{"id":383,"date":"2019-01-30T04:26:21","date_gmt":"2019-01-30T07:26:21","guid":{"rendered":"http:\/\/serie20y20.com.ar\/tienda\/?post_type=product&#038;p=383"},"modified":"2025-06-03T17:19:10","modified_gmt":"2025-06-03T20:19:10","slug":"teoria-armonia-funcional-1-2","status":"publish","type":"product","link":"https:\/\/www.serie20y20.com.ar\/nestor-crespo\/en\/product\/teoria-armonia-funcional-1-2\/","title":{"rendered":"TEOR\u00cdA \/ Armon\u00eda Funcional 1 \u2013 VERSI\u00d3N GRATUITA"},"content":{"rendered":"<h3 style=\"text-align: center;\"><span style=\"color: #3366ff;\">Si lo deseas puedes hacer el\u00a0<strong>CURSO VIRTUAL\u00a0<\/strong>del libro<\/span><br \/>\n<span style=\"color: #3366ff;\">con m\u00e1s de<strong>\u00a050 videos y actividades.<\/strong><\/span><br \/>\n<span style=\"color: #3366ff;\">Prof. N\u00e9stor Crespo<\/span><br \/>\n<span style=\"color: #3366ff;\">Toda la informaci\u00f3n haciendo\u00a0<span style=\"color: #ff0000;\"><a style=\"color: #ff0000;\" href=\"https:\/\/www.serie20y20.com.ar\/nestor-crespo\/en\/home\/curso-virtual-armonia-funcional-1-en-la-musica-popular\/\"><strong>CLIC AQUI<\/strong><\/a><\/span><\/span><\/h3>\n<hr \/>\n<h3 style=\"text-align: center;\" align=\"center\"><span style=\"color: #3366ff;\"><strong>Si lo desea puede comprar el Libro Completo haciendo<span style=\"color: #ff0000;\"> <a style=\"color: #ff0000;\" href=\"https:\/\/www.serie20y20.com.ar\/nestor-crespo\/en\/product\/teoria-armonia-funcional-1\/?v=d72a48a8ebd2\">CLIC AQUI<\/a><\/span><\/strong><\/span><\/h3>\n<hr \/>\n<p><strong>Pr\u00e1ctica y din\u00e1mica metodolog\u00eda de trabajo tanto para el alumno autodidacta,\u00a0<\/strong><strong>como as\u00ed tambi\u00e9n para el profesor en clase.<\/strong><\/p>\n<hr \/>\n<p>Editado por\u00a0<strong>EDAMus:<\/strong>\u00a0Editorial del Departamento de Artes Musicales y Sonoras de la UNA<br \/>\n<strong>Universidad Nacional de las Artes<\/strong><br \/>\nAv. C\u00f3rdoba 2445- (C1120AAG) Buenos Aires \u2013 Argentina<\/p>\n<hr \/>\n<p><strong>CONTENIDOS<\/strong><\/p>\n<p>Usted est\u00e1 descargando la <span style=\"color: #ff0000;\"><strong>VERSI\u00d3N GRATUITA<\/strong><\/span> <strong>(PDF de 39 p\u00e1ginas &#8211; 18,5 MB)<\/strong> la cual <strong><span style=\"color: #ff0000;\">no contiene:<\/span><\/strong><\/p>\n<p><span style=\"color: #ff0000;\"><strong>*<\/strong><span lang=\"ES-AR\">\u00a0\u00a0<strong>Los 15 Ejercicios restantes<\/strong>\u00a0<span style=\"color: #000000;\"><em>(esenciales para la pr\u00e1ctica de las 20 lecciones) (Ver \u00edndice en im\u00e1genes)<\/em><\/span><\/span><\/span><\/p>\n<p><span style=\"color: #ff0000;\"><strong> <span lang=\"ES-AR\">*\u00a0 L<\/span>os 16 Trabajos Pr\u00e1cticos.<\/strong>\u00a0<\/span><em>(esenciales para comprobar lo aprendido)<\/em><\/p>\n<p><span style=\"color: #ff0000;\"><strong>*\u00a0192\u00a0Audios.<\/strong><\/span> <em>(complemento indispensable para el desarrollo del o\u00eddo arm\u00f3nico)<br \/>\n<\/em><br \/>\n<span style=\"color: #ff0000;\"><strong>*<\/strong> <strong>Campos para completar.<\/strong><\/span> <em>(sin tener necesidad de imprimir en papel)<br \/>\n<\/em><br \/>\n<span style=\"color: #ff0000;\">* <strong>Libro para Imprimir.<\/strong><\/span>\u00a0\u00a0<em>( sin marca de agua )<\/em><\/p>\n<hr \/>\n<p><strong>OBJETIVOS Y PROP\u00d3SITO<\/strong><\/p>\n<p>El t\u00e9rmino <strong>Armon\u00eda Funcional<\/strong> se centra b\u00e1sicamente en el <strong>estudio de progresiones de acordes<\/strong> las cuales se rigen por las <strong>funciones tonales<\/strong> (t\u00f3nica, subdominante, dominante), mientras que a diferencia de aquellas que no lo hacen (armon\u00eda modal, dodecafonismo, etc.) la llamaremos: Armon\u00eda No Funcional.<\/p>\n<p>A lo largo de mi carrera he escuchado infinidades de veces: Armon\u00eda tradicional, armon\u00eda de jazz, de folklore, de tango, etc., etc., y realmente nunca entend\u00ed el porqu\u00e9 de estas diferencias.<\/p>\n<p>Humildemente puedo decir que solo existe &#8220;una armon\u00eda&#8221;. Cada uno despu\u00e9s de acuerdo al estilo con el cual se sienta identificado, le sumar\u00e1 el ritmo y los giros propios de cada g\u00e9nero musical.<\/p>\n<p>El Ebook de <strong>Armon\u00eda Funcional 1 consta de: 20 lecciones y 20 ejercicios<\/strong> a los que les he sumado<strong> 16 Trabajos Pr\u00e1cticos<\/strong> con los cuales analizaremos distintas situaciones reales con el <strong>firme objetivo de poder analizar y rearmonizar parte o la totalidad de una obra.<\/strong><\/p>\n<hr \/>\n<p>Para m\u00e1s informaci\u00f3n consulte al autor escribiendo a:\u00a0<span style=\"color: #3366ff;\"><a style=\"color: #3366ff;\" href=\"mailto:nestor.crespo@usa.net\">nestor.crespo@usa.net<\/a><\/span><\/p>\n<hr \/>\n<h2>Libros Relacionados<\/h2>\n<p><a href=\"https:\/\/www.serie20y20.com.ar\/nestor-crespo\/en\/product\/teoria-lenguaje-musical-con-las-soluciones-de-los-20-ejercicios\/?v=d72a48a8ebd2\"><img loading=\"lazy\" class=\"alignnone wp-image-5712 size-medium\" src=\"https:\/\/www.serie20y20.com.ar\/nestor-crespo\/wp-content\/uploads\/2019\/01\/Lenguaje-Musical-PAGO-211x300.jpg\" alt=\"\" width=\"211\" height=\"300\" srcset=\"https:\/\/www.serie20y20.com.ar\/nestor-crespo\/wp-content\/uploads\/2019\/01\/Lenguaje-Musical-PAGO-211x300.jpg 211w, https:\/\/www.serie20y20.com.ar\/nestor-crespo\/wp-content\/uploads\/2019\/01\/Lenguaje-Musical-PAGO-722x1024.jpg 722w, https:\/\/www.serie20y20.com.ar\/nestor-crespo\/wp-content\/uploads\/2019\/01\/Lenguaje-Musical-PAGO-768x1089.jpg 768w, https:\/\/www.serie20y20.com.ar\/nestor-crespo\/wp-content\/uploads\/2019\/01\/Lenguaje-Musical-PAGO-1083x1536.jpg 1083w, https:\/\/www.serie20y20.com.ar\/nestor-crespo\/wp-content\/uploads\/2019\/01\/Lenguaje-Musical-PAGO-1444x2048.jpg 1444w, https:\/\/www.serie20y20.com.ar\/nestor-crespo\/wp-content\/uploads\/2019\/01\/Lenguaje-Musical-PAGO-8x12.jpg 8w, https:\/\/www.serie20y20.com.ar\/nestor-crespo\/wp-content\/uploads\/2019\/01\/Lenguaje-Musical-PAGO-555x787.jpg 555w, https:\/\/www.serie20y20.com.ar\/nestor-crespo\/wp-content\/uploads\/2019\/01\/Lenguaje-Musical-PAGO-scaled.jpg 1805w\" sizes=\"(max-width: 211px) 100vw, 211px\" \/><\/a> <a href=\"https:\/\/www.serie20y20.com.ar\/nestor-crespo\/en\/product\/teoria-teoria-musical\/?v=d72a48a8ebd2\"><img loading=\"lazy\" class=\"alignnone wp-image-5713 size-medium\" src=\"https:\/\/www.serie20y20.com.ar\/nestor-crespo\/wp-content\/uploads\/2019\/01\/Teoria-Musical-PAGO-211x300.jpg\" alt=\"\" width=\"211\" height=\"300\" srcset=\"https:\/\/www.serie20y20.com.ar\/nestor-crespo\/wp-content\/uploads\/2019\/01\/Teoria-Musical-PAGO-211x300.jpg 211w, https:\/\/www.serie20y20.com.ar\/nestor-crespo\/wp-content\/uploads\/2019\/01\/Teoria-Musical-PAGO-722x1024.jpg 722w, https:\/\/www.serie20y20.com.ar\/nestor-crespo\/wp-content\/uploads\/2019\/01\/Teoria-Musical-PAGO-768x1089.jpg 768w, https:\/\/www.serie20y20.com.ar\/nestor-crespo\/wp-content\/uploads\/2019\/01\/Teoria-Musical-PAGO-1083x1536.jpg 1083w, https:\/\/www.serie20y20.com.ar\/nestor-crespo\/wp-content\/uploads\/2019\/01\/Teoria-Musical-PAGO-1444x2048.jpg 1444w, https:\/\/www.serie20y20.com.ar\/nestor-crespo\/wp-content\/uploads\/2019\/01\/Teoria-Musical-PAGO-8x12.jpg 8w, https:\/\/www.serie20y20.com.ar\/nestor-crespo\/wp-content\/uploads\/2019\/01\/Teoria-Musical-PAGO-555x787.jpg 555w, https:\/\/www.serie20y20.com.ar\/nestor-crespo\/wp-content\/uploads\/2019\/01\/Teoria-Musical-PAGO-scaled.jpg 1805w\" sizes=\"(max-width: 211px) 100vw, 211px\" \/><\/a><a href=\"https:\/\/www.serie20y20.com.ar\/nestor-crespo\/en\/product\/teoria-armonia-funcional-2\/?v=d72a48a8ebd2\"><img loading=\"lazy\" class=\"alignnone wp-image-5715 size-medium\" src=\"https:\/\/www.serie20y20.com.ar\/nestor-crespo\/wp-content\/uploads\/2019\/01\/Armonia-Funcional-2-Pago-211x300.jpg\" alt=\"\" width=\"211\" height=\"300\" srcset=\"https:\/\/www.serie20y20.com.ar\/nestor-crespo\/wp-content\/uploads\/2019\/01\/Armonia-Funcional-2-Pago-211x300.jpg 211w, https:\/\/www.serie20y20.com.ar\/nestor-crespo\/wp-content\/uploads\/2019\/01\/Armonia-Funcional-2-Pago-722x1024.jpg 722w, https:\/\/www.serie20y20.com.ar\/nestor-crespo\/wp-content\/uploads\/2019\/01\/Armonia-Funcional-2-Pago-768x1089.jpg 768w, https:\/\/www.serie20y20.com.ar\/nestor-crespo\/wp-content\/uploads\/2019\/01\/Armonia-Funcional-2-Pago-1083x1536.jpg 1083w, https:\/\/www.serie20y20.com.ar\/nestor-crespo\/wp-content\/uploads\/2019\/01\/Armonia-Funcional-2-Pago-1444x2048.jpg 1444w, https:\/\/www.serie20y20.com.ar\/nestor-crespo\/wp-content\/uploads\/2019\/01\/Armonia-Funcional-2-Pago-8x12.jpg 8w, https:\/\/www.serie20y20.com.ar\/nestor-crespo\/wp-content\/uploads\/2019\/01\/Armonia-Funcional-2-Pago-555x787.jpg 555w, https:\/\/www.serie20y20.com.ar\/nestor-crespo\/wp-content\/uploads\/2019\/01\/Armonia-Funcional-2-Pago-scaled.jpg 1805w\" sizes=\"(max-width: 211px) 100vw, 211px\" \/><\/a><\/p>","protected":false},"excerpt":{"rendered":"<p><iframe loading=\"lazy\" title=\"YouTube video player\" src=\"https:\/\/www.youtube.com\/embed\/kGnWWAwJGJg\" width=\"560\" height=\"315\" frameborder=\"0\" allowfullscreen=\"allowfullscreen\"><\/iframe><\/p>","protected":false},"featured_media":5718,"comment_status":"open","ping_status":"closed","template":"","meta":[],"product_cat":[15,47],"product_tag":[],"_links":{"self":[{"href":"https:\/\/www.serie20y20.com.ar\/nestor-crespo\/en\/wp-json\/wp\/v2\/product\/383"}],"collection":[{"href":"https:\/\/www.serie20y20.com.ar\/nestor-crespo\/en\/wp-json\/wp\/v2\/product"}],"about":[{"href":"https:\/\/www.serie20y20.com.ar\/nestor-crespo\/en\/wp-json\/wp\/v2\/types\/product"}],"replies":[{"embeddable":true,"href":"https:\/\/www.serie20y20.com.ar\/nestor-crespo\/en\/wp-json\/wp\/v2\/comments?post=383"}],"wp:featuredmedia":[{"embeddable":true,"href":"https:\/\/www.serie20y20.com.ar\/nestor-crespo\/en\/wp-json\/wp\/v2\/media\/5718"}],"wp:attachment":[{"href":"https:\/\/www.serie20y20.com.ar\/nestor-crespo\/en\/wp-json\/wp\/v2\/media?parent=383"}],"wp:term":[{"taxonomy":"product_cat","embeddable":true,"href":"https:\/\/www.serie20y20.com.ar\/nestor-crespo\/en\/wp-json\/wp\/v2\/product_cat?post=383"},{"taxonomy":"product_tag","embeddable":true,"href":"https:\/\/www.serie20y20.com.ar\/nestor-crespo\/en\/wp-json\/wp\/v2\/product_tag?post=383"}],"curies":[{"name":"wp","href":"https:\/\/api.w.org\/{rel}","templated":true}]}}