{"id":1470,"date":"2020-01-22T11:16:15","date_gmt":"2020-01-22T14:16:15","guid":{"rendered":"http:\/\/serie20y20.com.ar\/nestor-crespo\/?post_type=product&#038;p=1470"},"modified":"2025-06-18T12:38:23","modified_gmt":"2025-06-18T15:38:23","slug":"guitarra-escala-mayor-version-gratuita","status":"publish","type":"product","link":"https:\/\/www.serie20y20.com.ar\/nestor-crespo\/en\/product\/guitarra-escala-mayor-version-gratuita\/","title":{"rendered":"GUITARRA \/ Escala Mayor &#8211; VERSION GRATUITA"},"content":{"rendered":"<h3 style=\"text-align: center;\" align=\"center\"><span style=\"color: #3366ff;\"><strong>Si lo desea puede comprar el Libro Completo haciendo <span style=\"color: #ff0000;\"><a style=\"color: #ff0000;\" href=\"https:\/\/www.serie20y20.com.ar\/nestor-crespo\/en\/product\/guitarra-escala-mayor\/?v=d72a48a8ebd2\">CLIC AQUI<\/a><\/span><\/strong><\/span><\/h3>\n<hr \/>\n<h3 style=\"text-align: center;\"><span style=\"color: #3366ff;\">Si lo deseas puedes hacer el<strong> CURSO VIRTUA<\/strong>L del libro<br \/>\ncon m\u00e1s de<strong> 50 videos y actividades.<br \/>\n<\/strong>Prof. Federico Palmero<\/span><br \/>\n<span style=\"color: #3366ff;\">Toda la informaci\u00f3n haciendo <span style=\"color: #ff0000;\"><strong><a style=\"color: #ff0000;\" href=\"https:\/\/www.serie20y20.com.ar\/nestor-crespo\/en\/home\/curso-virtual-de-escala-mayor-1-plan-tecnico-para-guitarra\/\">CLIC AQUI<\/a><\/strong><\/span><\/span><\/h3>\n<hr \/>\n<p><strong>Pr\u00e1ctica y din\u00e1mica metodolog\u00eda de trabajo tanto para el alumno autodidacta,\u00a0<\/strong><strong>como as\u00ed tambi\u00e9n para el profesor en clase.<\/strong><\/p>\n<hr \/>\n<p><strong>Contenido\u00a0ampliado y desarrollado del Ejercicio Nro. 1 del Libro: Escalas y Arpegios<\/strong><em><strong>\u00a0<\/strong>(N\u00e9stor Crespo \u2013\u00a0 Serie 20&amp;20)<\/em><\/p>\n<hr \/>\n<p><strong>CONTENIDOS<\/strong><\/p>\n<p>Usted est\u00e1 descargando la <span style=\"color: #ff0000;\"><strong>VERSI\u00d3N GRATUITA<\/strong><\/span> <strong>(PDF de 20 p\u00e1ginas &#8211; 21 MB)<\/strong> la cual <strong><span style=\"color: #ff0000;\">contiene solamente:<\/span><\/strong><\/p>\n<p><strong><span style=\"color: #ff0000;\">*\u00a0 9 Ejercicios<\/span>\u00a0\u00a0<\/strong><em>(De la totalidad de 24 ejercicios)<\/em><\/p>\n<p><strong><span style=\"color: #ff0000;\">*\u00a0 1 Pista de Pr\u00e1ctica<\/span>\u00a0\u00a0<\/strong><em>(de la totalidad de 10 pistas de pr\u00e1ctica)<br \/>\n<\/em><\/p>\n<hr \/>\n<p>&nbsp;<\/p>\n<p><strong>OBJETIVOS Y PROP\u00d3SITO<\/strong><\/p>\n<p>El presente apunte tiene como prop\u00f3sito el estudio intensivo de la <strong>Escala Mayor<\/strong> tambi\u00e9n llamada \u00a0j\u00f3nica la cual, es de\u00a0 significativa importancia en nuestro camino con la m\u00fasica.<\/p>\n<p>Normalmente uno focaliza el estudio, de \u00e9sta o cualquier escala, en <strong>memorizar solamente las distintas digitaciones o f\u00f3rmulas por grado conjunto <\/strong>siendo esto insuficiente al momento de improvisar o apreciar<br \/>\nel color o textura que produce la misma.<\/p>\n<p>Es por esto que vamos a abocarnos a desarrollar el estudio de las <strong>5 f\u00f3rmulas<\/strong> mediante ejercicios de una\u00a0 manera pr\u00e1ctica y din\u00e1mica incluyendo las digitaciones correspondientes en cada caso.<\/p>\n<hr \/>\n<p><strong>CONTENIDOS Y\u00a0<\/strong><b>METODOLOG\u00cdA<\/b><\/p>\n<p>El siguiente Plan de T\u00e9cnica nos proporciona una metodolog\u00eda de trabajo ideal tanto para el alumno autodidacta como as\u00ed tambi\u00e9n para el profesor, logrando de esta manera una mayor fluidez y dinamismo en las clases.<\/p>\n<p><strong>Incluye 24 ejercicios con digitaci\u00f3n completa, barras de repetici\u00f3n y pistas de pr\u00e1ctica.<\/strong><\/p>\n<p><strong>\u00a0 \u00a0 \u00a0 \u00a0* Por Grado Conjunto<\/strong> (a &#8211; b)<br \/>\n<strong>\u00a0 \u00a0 \u00a0 \u00a0* Por Patrones<\/strong>\u00a0 (1 y 2 )\u00a0\u00a0<em><span style=\"color: #ff0000;\">(Solo en Versi\u00f3n Paga)<br \/>\n<\/span><\/em><span style=\"color: #000000;\"><strong>\u00a0 \u00a0 \u00a0 \u00a0<span style=\"color: #333333;\">* Por Terceras<\/span><\/strong><span style=\"color: #808080;\">\u00a0<\/span> ( Pares &#8211; a &#8211; b &#8211; c -d )<br \/>\n<strong>\u00a0 \u00a0 \u00a0 \u00a0<span style=\"color: #333333;\">* Por Cuartas<\/span>\u00a0\u00a0<\/strong>( Pares &#8211; a &#8211; b &#8211; c -d )\u00a0 \u00a0<em><span style=\"color: #ff0000;\">(Solo en Versi\u00f3n Paga)<br \/>\n<\/span><\/em><span style=\"color: #ff0000;\"><strong><span style=\"color: #000000;\">\u00a0 \u00a0 \u00a0 <span style=\"color: #333333;\">\u00a0* Por Sextas<\/span><\/span>\u00a0\u00a0<\/strong><\/span>( Pares &#8211; a &#8211; b &#8211; c -d )\u00a0 \u00a0\u00a0<em><span style=\"color: #ff0000;\">(Solo en Versi\u00f3n Paga)<br \/>\n<\/span><\/em><strong>\u00a0 \u00a0 \u00a0 <span style=\"color: #333333;\">\u00a0* Por Tr\u00edadas<\/span>\u00a0\u00a0<\/strong>( Pares &#8211; a &#8211; b &#8211; c -d )\u00a0\u00a0<em><span style=\"color: #ff0000;\">(Solo en Versi\u00f3n Paga)<\/span><\/em><\/span><\/p>\n<hr \/>\n<p><strong>\u00a0PISTAS DE PR\u00c1CTICA<\/strong><\/p>\n<p>Incluye adem\u00e1s los audios correspondientes a <strong>la ejercitaci\u00f3n de manera modal<\/strong> como as\u00ed tambi\u00e9n, \u00a0distintas <strong>progresiones <\/strong>las cuales ser\u00e1n de suma utilidad para practicar y afirmar este concepto.<\/p>\n<p><strong>\u00a0 \u00a0 \u00a0 \u00a0 \u00a0 \u00a0 \u00a0 \u00a0 \u00a0 * \u00a06\u00a0 Pistas de Pr\u00e1ctica Modales.\u00a0<\/strong> <em>(Cmaj7 y Gmaj7)<\/em> <span style=\"color: #ff0000;\">\u00a0<em>(S\u00f3lo en Versi\u00f3n Paga)<\/em><\/span><br \/>\n<strong>\u00a0 \u00a0 \u00a0 \u00a0 \u00a0 \u00a0 \u00a0 \u00a0 \u00a0 * \u00a02\u00a0 Pistas de Pr\u00e1ctica Modales<\/strong> <em>(con progresiones de acordes<\/em>) \u00a0<span style=\"color: #ff0000;\"><em>(S\u00f3lo en Versi\u00f3n Paga)<\/em><\/span><br \/>\n<strong>\u00a0\u00a0\u00a0\u00a0\u00a0\u00a0\u00a0\u00a0\u00a0\u00a0\u00a0\u00a0\u00a0\u00a0\u00a0\u00a0\u00a0 * \u00a02\u00a0 Pistas de Pr\u00e1ctica<\/strong> <em>(C\u00edrculo de 5tas en diferentes ritmos)<\/em> \u00a0<span style=\"color: #ff0000;\"><em>(S\u00f3lo en Versi\u00f3n Paga)<\/em><\/span><\/p>\n<hr \/>\n<p>Para m\u00e1s informaci\u00f3n consulte al autor escribiendo a:<span style=\"color: #3366ff;\">\u00a0<a style=\"color: #3366ff;\" href=\"mailto:nestor.crespo@usa.net\">nestor.crespo@usa.net<\/a><\/span><\/p>\n<hr \/>\n<h2>Libros Relacionados<\/h2>\n<p><a href=\"https:\/\/www.serie20y20.com.ar\/nestor-crespo\/en\/product\/guitarra-escalas-arpegios\/?v=d72a48a8ebd2\"><img loading=\"lazy\" class=\"alignleft wp-image-5759 size-medium\" src=\"https:\/\/www.serie20y20.com.ar\/nestor-crespo\/wp-content\/uploads\/2019\/01\/Escalas-y-Arpegios-PAGO-212x300.jpg\" alt=\"\" width=\"212\" height=\"300\" srcset=\"https:\/\/www.serie20y20.com.ar\/nestor-crespo\/wp-content\/uploads\/2019\/01\/Escalas-y-Arpegios-PAGO-212x300.jpg 212w, https:\/\/www.serie20y20.com.ar\/nestor-crespo\/wp-content\/uploads\/2019\/01\/Escalas-y-Arpegios-PAGO-725x1024.jpg 725w, https:\/\/www.serie20y20.com.ar\/nestor-crespo\/wp-content\/uploads\/2019\/01\/Escalas-y-Arpegios-PAGO-768x1085.jpg 768w, https:\/\/www.serie20y20.com.ar\/nestor-crespo\/wp-content\/uploads\/2019\/01\/Escalas-y-Arpegios-PAGO-1087x1536.jpg 1087w, https:\/\/www.serie20y20.com.ar\/nestor-crespo\/wp-content\/uploads\/2019\/01\/Escalas-y-Arpegios-PAGO-1449x2048.jpg 1449w, https:\/\/www.serie20y20.com.ar\/nestor-crespo\/wp-content\/uploads\/2019\/01\/Escalas-y-Arpegios-PAGO-8x12.jpg 8w, https:\/\/www.serie20y20.com.ar\/nestor-crespo\/wp-content\/uploads\/2019\/01\/Escalas-y-Arpegios-PAGO-555x784.jpg 555w, https:\/\/www.serie20y20.com.ar\/nestor-crespo\/wp-content\/uploads\/2019\/01\/Escalas-y-Arpegios-PAGO-scaled.jpg 1811w\" sizes=\"(max-width: 212px) 100vw, 212px\" \/><\/a><\/p>\n<p><a href=\"https:\/\/www.serie20y20.com.ar\/nestor-crespo\/en\/product\/guitarra-escala-menor-melodica\/?v=d72a48a8ebd2\"><img loading=\"lazy\" class=\"wp-image-5763 size-medium alignleft\" src=\"https:\/\/www.serie20y20.com.ar\/nestor-crespo\/wp-content\/uploads\/2019\/01\/Escala-Menor-Melodica-PAGO-212x300.jpg\" alt=\"\" width=\"212\" height=\"300\" srcset=\"https:\/\/www.serie20y20.com.ar\/nestor-crespo\/wp-content\/uploads\/2019\/01\/Escala-Menor-Melodica-PAGO-212x300.jpg 212w, https:\/\/www.serie20y20.com.ar\/nestor-crespo\/wp-content\/uploads\/2019\/01\/Escala-Menor-Melodica-PAGO-724x1024.jpg 724w, https:\/\/www.serie20y20.com.ar\/nestor-crespo\/wp-content\/uploads\/2019\/01\/Escala-Menor-Melodica-PAGO-768x1086.jpg 768w, https:\/\/www.serie20y20.com.ar\/nestor-crespo\/wp-content\/uploads\/2019\/01\/Escala-Menor-Melodica-PAGO-1086x1536.jpg 1086w, https:\/\/www.serie20y20.com.ar\/nestor-crespo\/wp-content\/uploads\/2019\/01\/Escala-Menor-Melodica-PAGO-1448x2048.jpg 1448w, https:\/\/www.serie20y20.com.ar\/nestor-crespo\/wp-content\/uploads\/2019\/01\/Escala-Menor-Melodica-PAGO-8x12.jpg 8w, https:\/\/www.serie20y20.com.ar\/nestor-crespo\/wp-content\/uploads\/2019\/01\/Escala-Menor-Melodica-PAGO-555x785.jpg 555w, https:\/\/www.serie20y20.com.ar\/nestor-crespo\/wp-content\/uploads\/2019\/01\/Escala-Menor-Melodica-PAGO-scaled.jpg 1810w\" sizes=\"(max-width: 212px) 100vw, 212px\" \/><\/a> <a href=\"https:\/\/www.serie20y20.com.ar\/nestor-crespo\/en\/product\/guitarra-escala-lidia-b7\/?v=d72a48a8ebd2\"><img loading=\"lazy\" class=\"wp-image-5765 size-medium alignleft\" src=\"https:\/\/www.serie20y20.com.ar\/nestor-crespo\/wp-content\/uploads\/2019\/01\/Escala-Lidia-b7-PAGO-212x300.jpg\" alt=\"\" width=\"212\" height=\"300\" srcset=\"https:\/\/www.serie20y20.com.ar\/nestor-crespo\/wp-content\/uploads\/2019\/01\/Escala-Lidia-b7-PAGO-212x300.jpg 212w, https:\/\/www.serie20y20.com.ar\/nestor-crespo\/wp-content\/uploads\/2019\/01\/Escala-Lidia-b7-PAGO-724x1024.jpg 724w, https:\/\/www.serie20y20.com.ar\/nestor-crespo\/wp-content\/uploads\/2019\/01\/Escala-Lidia-b7-PAGO-768x1086.jpg 768w, https:\/\/www.serie20y20.com.ar\/nestor-crespo\/wp-content\/uploads\/2019\/01\/Escala-Lidia-b7-PAGO-1086x1536.jpg 1086w, https:\/\/www.serie20y20.com.ar\/nestor-crespo\/wp-content\/uploads\/2019\/01\/Escala-Lidia-b7-PAGO-1448x2048.jpg 1448w, https:\/\/www.serie20y20.com.ar\/nestor-crespo\/wp-content\/uploads\/2019\/01\/Escala-Lidia-b7-PAGO-8x12.jpg 8w, https:\/\/www.serie20y20.com.ar\/nestor-crespo\/wp-content\/uploads\/2019\/01\/Escala-Lidia-b7-PAGO-555x785.jpg 555w, https:\/\/www.serie20y20.com.ar\/nestor-crespo\/wp-content\/uploads\/2019\/01\/Escala-Lidia-b7-PAGO-scaled.jpg 1810w\" sizes=\"(max-width: 212px) 100vw, 212px\" \/><\/a><\/p>\n<p>&nbsp;<\/p>","protected":false},"excerpt":{"rendered":"<p><iframe loading=\"lazy\" title=\"YouTube video player\" src=\"https:\/\/www.youtube.com\/embed\/kGnWWAwJGJg\" width=\"560\" height=\"315\" frameborder=\"0\" allowfullscreen=\"allowfullscreen\"><\/iframe><\/p>","protected":false},"featured_media":5750,"comment_status":"open","ping_status":"closed","template":"","meta":[],"product_cat":[15,47],"product_tag":[],"_links":{"self":[{"href":"https:\/\/www.serie20y20.com.ar\/nestor-crespo\/en\/wp-json\/wp\/v2\/product\/1470"}],"collection":[{"href":"https:\/\/www.serie20y20.com.ar\/nestor-crespo\/en\/wp-json\/wp\/v2\/product"}],"about":[{"href":"https:\/\/www.serie20y20.com.ar\/nestor-crespo\/en\/wp-json\/wp\/v2\/types\/product"}],"replies":[{"embeddable":true,"href":"https:\/\/www.serie20y20.com.ar\/nestor-crespo\/en\/wp-json\/wp\/v2\/comments?post=1470"}],"wp:featuredmedia":[{"embeddable":true,"href":"https:\/\/www.serie20y20.com.ar\/nestor-crespo\/en\/wp-json\/wp\/v2\/media\/5750"}],"wp:attachment":[{"href":"https:\/\/www.serie20y20.com.ar\/nestor-crespo\/en\/wp-json\/wp\/v2\/media?parent=1470"}],"wp:term":[{"taxonomy":"product_cat","embeddable":true,"href":"https:\/\/www.serie20y20.com.ar\/nestor-crespo\/en\/wp-json\/wp\/v2\/product_cat?post=1470"},{"taxonomy":"product_tag","embeddable":true,"href":"https:\/\/www.serie20y20.com.ar\/nestor-crespo\/en\/wp-json\/wp\/v2\/product_tag?post=1470"}],"curies":[{"name":"wp","href":"https:\/\/api.w.org\/{rel}","templated":true}]}}